{"id":478,"date":"2025-09-20T20:23:29","date_gmt":"2025-09-20T20:23:29","guid":{"rendered":"https:\/\/www.gtsfld.de\/index.php\/konfetti-sfx\/"},"modified":"2026-02-23T20:08:01","modified_gmt":"2026-02-23T20:08:01","slug":"konfetti-sfx","status":"publish","type":"page","link":"https:\/\/www.gtsfld.de\/index.php\/konfetti-sfx\/","title":{"rendered":"Konfetti SFX"},"content":{"rendered":"<div data-colibri-id=\"478-c1\" class=\"style-470 style-local-478-c1 position-relative\">\n  <!---->\n  <div data-colibri-component=\"section\" data-colibri-id=\"478-c2\" id=\"features\" class=\"h-section h-section-global-spacing d-flex align-items-lg-center align-items-md-center align-items-center style-471 style-local-478-c2 position-relative\">\n    <!---->\n    <!---->\n    <div class=\"h-section-grid-container h-section-boxed-container\">\n      <div data-colibri-id=\"478-c28\" class=\"h-row-container gutters-row-lg-2 gutters-row-md-2 gutters-row-0 gutters-row-v-lg-2 gutters-row-v-md-2 gutters-row-v-2 style-481 style-local-478-c28 position-relative\">\n        <!---->\n        <div class=\"h-row justify-content-lg-center justify-content-md-center justify-content-center align-items-lg-stretch align-items-md-stretch align-items-stretch gutters-col-lg-2 gutters-col-md-2 gutters-col-0 gutters-col-v-lg-2 gutters-col-v-md-2 gutters-col-v-2\">\n          <!---->\n          <div class=\"h-column h-column-container d-flex h-col-lg-auto h-col-md-auto h-col-auto style-482-outer style-local-478-c29-outer\">\n            <div data-colibri-id=\"478-c29\" class=\"d-flex h-flex-basis h-column__inner h-px-lg-2 h-px-md-2 h-px-2 v-inner-lg-2 v-inner-md-2 v-inner-2 style-482 style-local-478-c29 position-relative\">\n              <!---->\n              <!---->\n              <div class=\"w-100 h-y-container h-column__content h-column__v-align flex-basis-100 align-self-lg-start align-self-md-start align-self-start\">\n                <!---->\n                <div data-colibri-id=\"478-c30\" class=\"h-global-transition-all h-heading style-483 style-local-478-c30 position-relative h-element\">\n                  <!---->\n                  <div class=\"h-heading__outer style-483 style-local-478-c30\">\n                    <!---->\n                    <!---->\n                    <h2 class=\"\"> Das Ger\u00e4usch von Spa\u00df in der Luft.<\/h2>\n                  <\/div>\n                <\/div>\n                <div data-colibri-id=\"478-c31\" class=\"h-lead h-text h-text-component style-484 style-local-478-c31 position-relative h-element\">\n                  <!---->\n                  <!---->\n                  <div class=\"\">\n                    <p>Hier findest du eine Auswahl an Konfettiprodukten. Dabei ist das verwendete Papierkonfetti 100% biologisch abbaubar und schwer entflammbar (B1).<\/p>\n                  <\/div>\n                <\/div>\n              <\/div>\n            <\/div>\n          <\/div>\n        <\/div>\n      <\/div>\n      <div data-colibri-id=\"478-c3\" class=\"h-row-container gutters-row-lg-2 gutters-row-md-2 gutters-row-2 gutters-row-v-lg-2 gutters-row-v-md-2 gutters-row-v-2 style-472 style-local-478-c3 position-relative\">\n        <!---->\n        <div class=\"h-row justify-content-lg-center justify-content-md-center justify-content-center align-items-lg-stretch align-items-md-stretch align-items-stretch gutters-col-lg-2 gutters-col-md-2 gutters-col-2 gutters-col-v-lg-2 gutters-col-v-md-2 gutters-col-v-2\">\n          <!---->\n          <div class=\"h-column h-column-container d-flex h-col-lg-4 h-col-md-6 h-col-12 style-473-outer style-local-478-c4-outer\">\n            <div data-colibri-id=\"478-c4\" class=\"d-flex h-flex-basis h-column__inner h-px-lg-0 h-px-md-0 h-px-0 v-inner-lg-0 v-inner-md-0 v-inner-0 style-473 style-local-478-c4 position-relative\">\n              <!---->\n              <!---->\n              <div class=\"w-100 h-y-container h-column__content h-column__v-align flex-basis-100 align-self-lg-start align-self-md-start align-self-start\">\n                <!---->\n                <div data-colibri-id=\"478-c5\" class=\"d-block style-474 style-local-478-c5 position-relative h-element\">\n                  <!---->\n                  <div class=\"h-image__frame-container-outer\">\n                    <div class=\"h-image__frame-container\">\n                      <!---->\n                      <!---->\n                      <img loading=\"lazy\" decoding=\"async\" width=\"1920\" height=\"1920\" src=\"https:\/\/www.gtsfld.de\/wp-content\/uploads\/2025\/09\/Bildschirmfoto-2025-09-21-um-09.12.25.jpg\" class=\"wp-image-500 style-474-image style-local-478-c5-image\" alt=\"\" srcset=\"https:\/\/www.gtsfld.de\/wp-content\/uploads\/2025\/09\/Bildschirmfoto-2025-09-21-um-09.12.25.jpg 1920w, https:\/\/www.gtsfld.de\/wp-content\/uploads\/2025\/09\/Bildschirmfoto-2025-09-21-um-09.12.25-300x300.jpg 300w, https:\/\/www.gtsfld.de\/wp-content\/uploads\/2025\/09\/Bildschirmfoto-2025-09-21-um-09.12.25-100x100.jpg 100w, https:\/\/www.gtsfld.de\/wp-content\/uploads\/2025\/09\/Bildschirmfoto-2025-09-21-um-09.12.25-600x600.jpg 600w, https:\/\/www.gtsfld.de\/wp-content\/uploads\/2025\/09\/Bildschirmfoto-2025-09-21-um-09.12.25-1024x1024.jpg 1024w, https:\/\/www.gtsfld.de\/wp-content\/uploads\/2025\/09\/Bildschirmfoto-2025-09-21-um-09.12.25-150x150.jpg 150w, https:\/\/www.gtsfld.de\/wp-content\/uploads\/2025\/09\/Bildschirmfoto-2025-09-21-um-09.12.25-768x768.jpg 768w, https:\/\/www.gtsfld.de\/wp-content\/uploads\/2025\/09\/Bildschirmfoto-2025-09-21-um-09.12.25-1536x1536.jpg 1536w\" sizes=\"auto, (max-width: 1920px) 100vw, 1920px\" \/>\n                      <div class=\"h-image__frame h-hide-lg h-hide-md h-hide-sm style-474-frameImage style-local-478-c5-frameImage\"><\/div>\n                    <\/div>\n                  <\/div>\n                <\/div>\n                <div data-colibri-id=\"478-c6\" class=\"h-row-container gutters-row-lg-0 gutters-row-md-0 gutters-row-2 gutters-row-v-lg-0 gutters-row-v-md-0 gutters-row-v-2 style-475 style-local-478-c6 position-relative\">\n                  <!---->\n                  <div class=\"h-row justify-content-lg-center justify-content-md-center justify-content-center align-items-lg-stretch align-items-md-stretch align-items-stretch gutters-col-lg-0 gutters-col-md-0 gutters-col-2 gutters-col-v-lg-0 gutters-col-v-md-0 gutters-col-v-2\">\n                    <!---->\n                    <div class=\"h-column h-column-container d-flex h-col-lg-auto h-col-md-auto h-col-auto style-476-outer style-local-478-c7-outer\">\n                      <div data-colibri-id=\"478-c7\" class=\"d-flex h-flex-basis h-column__inner h-px-lg-2 h-px-md-3 h-px-2 v-inner-lg-2 v-inner-md-3 v-inner-2 style-476 style-local-478-c7 position-relative\">\n                        <!---->\n                        <!---->\n                        <div class=\"w-100 h-y-container h-column__content h-column__v-align flex-basis-100 align-self-lg-start align-self-md-start align-self-start\">\n                          <!---->\n                          <div data-colibri-id=\"478-c8\" class=\"h-global-transition-all h-heading style-477 style-local-478-c8 position-relative h-element\">\n                            <!---->\n                            <div class=\"h-heading__outer style-477 style-local-478-c8\">\n                              <!---->\n                              <!---->\n                              <h4 class=\"\"> manuelle Konfettishots<\/h4>\n                            <\/div>\n                          <\/div>\n                          <div data-colibri-id=\"478-c9\" class=\"h-text h-text-component style-478 style-local-478-c9 position-relative h-element\">\n                            <!---->\n                            <!---->\n                            <div class=\"\">\n                              <p>Drehen und Boom! Perfekt f\u00fcr kleine Feiern und spontane Showeinlagen. Kannst&#8217;e \u00fcber uns in 28 cm, 50 cm oder 80 cm Gr\u00f6\u00dfe beziehen. Je gr\u00f6\u00dfer desto weiter und mehr Konfetti. W\u00e4hle zwischen Herzen, Luftschlangen oder normalen\n                                Konfetti. Auch in metallic erh\u00e4ltlich.&nbsp;<\/p>\n                            <\/div>\n                          <\/div>\n                        <\/div>\n                      <\/div>\n                    <\/div>\n                  <\/div>\n                <\/div>\n                <div data-colibri-id=\"478-c10\" class=\"h-x-container style-479 style-local-478-c10 position-relative h-element\">\n                  <!---->\n                  <div class=\"h-x-container-inner style-dynamic-478-c10-group style-479-spacing style-local-478-c10-spacing\"><span class=\"h-link__outer style-480-outer style-local-478-c11-outer d-inline-flex h-element\"><a h-use-smooth-scroll=\"true\" href=\"https:\/\/www.gtsfld.de\/index.php\/kontakt\/\"  data-colibri-id=\"478-c11\" class=\"d-flex w-100 align-items-center h-link style-480 style-local-478-c11 position-relative\"><!----><!----> <span>Meld dich mal<\/span>                    <span class=\"h-svg-icon h-link__icon style-480-icon style-local-478-c11-icon\"><!--Icon by Icons8 Line Awesome (https:\/\/icons8.com\/line-awesome)--><svg version=\"1.1\" xmlns=\"http:\/\/www.w3.org\/2000\/svg\" xmlns:xlink=\"http:\/\/www.w3.org\/1999\/xlink\" id=\"angle-double-right\" viewBox=\"0 0 512 545.5\"><path d=\"M145.5 108.5l168 168L325 288l-11.5 11.5-168 168-22.5-23L279.5 288 123 131.5zm112 0l168 168L437 288l-11.5 11.5-168 168-22.5-23L391.5 288 235 131.5z\"><\/path><\/svg><\/span><\/a>\n                    <\/span>\n                  <\/div>\n                <\/div>\n              <\/div>\n            <\/div>\n          <\/div>\n          <div class=\"h-column h-column-container d-flex h-col-lg-4 h-col-md-6 h-col-12 style-473-outer style-local-478-c12-outer\">\n            <div data-colibri-id=\"478-c12\" class=\"d-flex h-flex-basis h-column__inner h-px-lg-0 h-px-md-0 h-px-0 v-inner-lg-0 v-inner-md-0 v-inner-0 style-473 style-local-478-c12 position-relative\">\n              <!---->\n              <!---->\n              <div class=\"w-100 h-y-container h-column__content h-column__v-align flex-basis-100 align-self-lg-start align-self-md-start align-self-start\">\n                <!---->\n                <div data-colibri-id=\"478-c13\" class=\"d-block style-474 style-local-478-c13 position-relative h-element\">\n                  <!---->\n                  <div class=\"h-image__frame-container-outer\">\n                    <div class=\"h-image__frame-container\">\n                      <!---->\n                      <!---->\n                      <img loading=\"lazy\" decoding=\"async\" width=\"1706\" height=\"1705\" src=\"https:\/\/www.gtsfld.de\/wp-content\/uploads\/2025\/09\/cropped-gtsfld_DSCF6911-Verbessert-NR_bearbeitet-scaled-1.jpg\" class=\"wp-image-497 style-474-image style-local-478-c13-image\" alt=\"\" srcset=\"https:\/\/www.gtsfld.de\/wp-content\/uploads\/2025\/09\/cropped-gtsfld_DSCF6911-Verbessert-NR_bearbeitet-scaled-1.jpg 1706w, https:\/\/www.gtsfld.de\/wp-content\/uploads\/2025\/09\/cropped-gtsfld_DSCF6911-Verbessert-NR_bearbeitet-scaled-1-300x300.jpg 300w, https:\/\/www.gtsfld.de\/wp-content\/uploads\/2025\/09\/cropped-gtsfld_DSCF6911-Verbessert-NR_bearbeitet-scaled-1-100x100.jpg 100w, https:\/\/www.gtsfld.de\/wp-content\/uploads\/2025\/09\/cropped-gtsfld_DSCF6911-Verbessert-NR_bearbeitet-scaled-1-600x600.jpg 600w, https:\/\/www.gtsfld.de\/wp-content\/uploads\/2025\/09\/cropped-gtsfld_DSCF6911-Verbessert-NR_bearbeitet-scaled-1-1024x1024.jpg 1024w, https:\/\/www.gtsfld.de\/wp-content\/uploads\/2025\/09\/cropped-gtsfld_DSCF6911-Verbessert-NR_bearbeitet-scaled-1-150x150.jpg 150w, https:\/\/www.gtsfld.de\/wp-content\/uploads\/2025\/09\/cropped-gtsfld_DSCF6911-Verbessert-NR_bearbeitet-scaled-1-768x768.jpg 768w, https:\/\/www.gtsfld.de\/wp-content\/uploads\/2025\/09\/cropped-gtsfld_DSCF6911-Verbessert-NR_bearbeitet-scaled-1-1536x1536.jpg 1536w\" sizes=\"auto, (max-width: 1706px) 100vw, 1706px\" \/>\n                      <div class=\"h-image__frame h-hide-lg h-hide-md h-hide-sm style-474-frameImage style-local-478-c13-frameImage\"><\/div>\n                    <\/div>\n                  <\/div>\n                <\/div>\n                <div data-colibri-id=\"478-c14\" class=\"h-row-container gutters-row-lg-0 gutters-row-md-0 gutters-row-2 gutters-row-v-lg-0 gutters-row-v-md-0 gutters-row-v-2 style-475 style-local-478-c14 position-relative\">\n                  <!---->\n                  <div class=\"h-row justify-content-lg-center justify-content-md-center justify-content-center align-items-lg-stretch align-items-md-stretch align-items-stretch gutters-col-lg-0 gutters-col-md-0 gutters-col-2 gutters-col-v-lg-0 gutters-col-v-md-0 gutters-col-v-2\">\n                    <!---->\n                    <div class=\"h-column h-column-container d-flex h-col-lg-auto h-col-md-auto h-col-auto style-476-outer style-local-478-c15-outer\">\n                      <div data-colibri-id=\"478-c15\" class=\"d-flex h-flex-basis h-column__inner h-px-lg-2 h-px-md-3 h-px-2 v-inner-lg-2 v-inner-md-3 v-inner-2 style-476 style-local-478-c15 position-relative\">\n                        <!---->\n                        <!---->\n                        <div class=\"w-100 h-y-container h-column__content h-column__v-align flex-basis-100 align-self-lg-start align-self-md-start align-self-start\">\n                          <!---->\n                          <div data-colibri-id=\"478-c16\" class=\"h-global-transition-all h-heading style-477 style-local-478-c16 position-relative h-element\">\n                            <!---->\n                            <div class=\"h-heading__outer style-477 style-local-478-c16\">\n                              <!---->\n                              <!---->\n                              <h4 class=\"\">&nbsp;elektrische Konfettishots<\/h4>\n                            <\/div>\n                          <\/div>\n                          <div data-colibri-id=\"478-c17\" class=\"h-text h-text-component style-478 style-local-478-c17 position-relative h-element\">\n                            <!---->\n                            <!---->\n                            <div class=\"\">\n                              <p>Knallt \u2013 und zwar auf die Sekunde genau! Die elektrischen Konfettishots k\u00f6nnen bequem per Fernbedienung oder Lichtpult ausgel\u00f6st werden. Hier haben wir 50 cm und 80 cm in allen Varianten im Petto.<\/p>\n                            <\/div>\n                          <\/div>\n                        <\/div>\n                      <\/div>\n                    <\/div>\n                  <\/div>\n                <\/div>\n                <div data-colibri-id=\"478-c18\" class=\"h-x-container style-479 style-local-478-c18 position-relative h-element\">\n                  <!---->\n                  <div class=\"h-x-container-inner style-dynamic-478-c18-group style-479-spacing style-local-478-c18-spacing\"><span class=\"h-link__outer style-480-outer style-local-478-c19-outer d-inline-flex h-element\"><a h-use-smooth-scroll=\"true\" href=\"https:\/\/www.gtsfld.de\/index.php\/kontakt\/\"  data-colibri-id=\"478-c19\" class=\"d-flex w-100 align-items-center h-link style-480 style-local-478-c19 position-relative\"><!----><!----> <span>Meld dich mal<\/span>                    <span class=\"h-svg-icon h-link__icon style-480-icon style-local-478-c19-icon\"><!--Icon by Icons8 Line Awesome (https:\/\/icons8.com\/line-awesome)--><svg version=\"1.1\" xmlns=\"http:\/\/www.w3.org\/2000\/svg\" xmlns:xlink=\"http:\/\/www.w3.org\/1999\/xlink\" id=\"angle-double-right\" viewBox=\"0 0 512 545.5\"><path d=\"M145.5 108.5l168 168L325 288l-11.5 11.5-168 168-22.5-23L279.5 288 123 131.5zm112 0l168 168L437 288l-11.5 11.5-168 168-22.5-23L391.5 288 235 131.5z\"><\/path><\/svg><\/span><\/a>\n                    <\/span>\n                  <\/div>\n                <\/div>\n              <\/div>\n            <\/div>\n          <\/div>\n          <div class=\"h-column h-column-container d-flex h-col-lg-4 h-col-md-6 h-col-12 style-473-outer style-local-478-c20-outer\">\n            <div data-colibri-id=\"478-c20\" class=\"d-flex h-flex-basis h-column__inner h-px-lg-0 h-px-md-0 h-px-0 v-inner-lg-0 v-inner-md-0 v-inner-0 style-473 style-local-478-c20 position-relative\">\n              <!---->\n              <!---->\n              <div class=\"w-100 h-y-container h-column__content h-column__v-align flex-basis-100 align-self-lg-start align-self-md-start align-self-start\">\n                <!---->\n                <div data-colibri-id=\"478-c21\" class=\"d-block style-474 style-local-478-c21 position-relative h-element\">\n                  <!---->\n                  <div class=\"h-image__frame-container-outer\">\n                    <div class=\"h-image__frame-container\">\n                      <!---->\n                      <!---->\n                      <img loading=\"lazy\" decoding=\"async\" width=\"1706\" height=\"1710\" src=\"https:\/\/www.gtsfld.de\/wp-content\/uploads\/2025\/09\/cropped-gtsfld_DSCF6893_bearbeitet-scaled-1.jpeg\" class=\"wp-image-502 style-474-image style-local-478-c21-image\" alt=\"\" srcset=\"https:\/\/www.gtsfld.de\/wp-content\/uploads\/2025\/09\/cropped-gtsfld_DSCF6893_bearbeitet-scaled-1.jpeg 1706w, https:\/\/www.gtsfld.de\/wp-content\/uploads\/2025\/09\/cropped-gtsfld_DSCF6893_bearbeitet-scaled-1-300x300.jpeg 300w, https:\/\/www.gtsfld.de\/wp-content\/uploads\/2025\/09\/cropped-gtsfld_DSCF6893_bearbeitet-scaled-1-100x100.jpeg 100w, https:\/\/www.gtsfld.de\/wp-content\/uploads\/2025\/09\/cropped-gtsfld_DSCF6893_bearbeitet-scaled-1-600x601.jpeg 600w, https:\/\/www.gtsfld.de\/wp-content\/uploads\/2025\/09\/cropped-gtsfld_DSCF6893_bearbeitet-scaled-1-1022x1024.jpeg 1022w, https:\/\/www.gtsfld.de\/wp-content\/uploads\/2025\/09\/cropped-gtsfld_DSCF6893_bearbeitet-scaled-1-150x150.jpeg 150w, https:\/\/www.gtsfld.de\/wp-content\/uploads\/2025\/09\/cropped-gtsfld_DSCF6893_bearbeitet-scaled-1-768x770.jpeg 768w, https:\/\/www.gtsfld.de\/wp-content\/uploads\/2025\/09\/cropped-gtsfld_DSCF6893_bearbeitet-scaled-1-1532x1536.jpeg 1532w\" sizes=\"auto, (max-width: 1706px) 100vw, 1706px\" \/>\n                      <div class=\"h-image__frame h-hide-lg h-hide-md h-hide-sm style-474-frameImage style-local-478-c21-frameImage\"><\/div>\n                    <\/div>\n                  <\/div>\n                <\/div>\n                <div data-colibri-id=\"478-c22\" class=\"h-row-container gutters-row-lg-0 gutters-row-md-0 gutters-row-2 gutters-row-v-lg-0 gutters-row-v-md-0 gutters-row-v-2 style-475 style-local-478-c22 position-relative\">\n                  <!---->\n                  <div class=\"h-row justify-content-lg-center justify-content-md-center justify-content-center align-items-lg-stretch align-items-md-stretch align-items-stretch gutters-col-lg-0 gutters-col-md-0 gutters-col-2 gutters-col-v-lg-0 gutters-col-v-md-0 gutters-col-v-2\">\n                    <!---->\n                    <div class=\"h-column h-column-container d-flex h-col-lg-auto h-col-md-auto h-col-auto style-476-outer style-local-478-c23-outer\">\n                      <div data-colibri-id=\"478-c23\" class=\"d-flex h-flex-basis h-column__inner h-px-lg-2 h-px-md-3 h-px-2 v-inner-lg-2 v-inner-md-3 v-inner-2 style-476 style-local-478-c23 position-relative\">\n                        <!---->\n                        <!---->\n                        <div class=\"w-100 h-y-container h-column__content h-column__v-align flex-basis-100 align-self-lg-start align-self-md-start align-self-start\">\n                          <!---->\n                          <div data-colibri-id=\"478-c24\" class=\"h-global-transition-all h-heading style-477 style-local-478-c24 position-relative h-element\">\n                            <!---->\n                            <div class=\"h-heading__outer style-477 style-local-478-c24\">\n                              <!---->\n                              <!---->\n                              <h4 class=\"\">DJ Konfetti-Gun<\/h4>\n                            <\/div>\n                          <\/div>\n                          <div data-colibri-id=\"478-c25\" class=\"h-text h-text-component style-478 style-local-478-c25 position-relative h-element\">\n                            <!---->\n                            <!---->\n                            <div class=\"\">\n                              <p><span style=\"font-size: medium; color: rgb(0, 0, 0); font-weight: 400;\">Mit der DJ Konfetti Gun feuerst du nicht nur Beats, sondern auch gute Laune ins Publikum. Einmal abdr\u00fccken \u2013 und schon regnet\u2019s Stimmung. Perfekt f\u00fcr den Drop, den Refrain oder einfach f\u00fcr den Spa\u00df zwischendurch. Mach die Tanzfl\u00e4che zur Konfettikanone!<\/span><\/p>\n                            <\/div>\n                          <\/div>\n                        <\/div>\n                      <\/div>\n                    <\/div>\n                  <\/div>\n                <\/div>\n                <div data-colibri-id=\"478-c26\" class=\"h-x-container style-479 style-local-478-c26 position-relative h-element\">\n                  <!---->\n                  <div class=\"h-x-container-inner style-dynamic-478-c26-group style-479-spacing style-local-478-c26-spacing\"><span class=\"h-link__outer style-480-outer style-local-478-c27-outer d-inline-flex h-element\"><a h-use-smooth-scroll=\"true\" href=\"https:\/\/www.gtsfld.de\/index.php\/kontakt\/\"  data-colibri-id=\"478-c27\" class=\"d-flex w-100 align-items-center h-link style-480 style-local-478-c27 position-relative\"><!----><!----> <span>Meld dich mal<\/span>                    <span class=\"h-svg-icon h-link__icon style-480-icon style-local-478-c27-icon\"><!--Icon by Icons8 Line Awesome (https:\/\/icons8.com\/line-awesome)--><svg version=\"1.1\" xmlns=\"http:\/\/www.w3.org\/2000\/svg\" xmlns:xlink=\"http:\/\/www.w3.org\/1999\/xlink\" id=\"angle-double-right\" viewBox=\"0 0 512 545.5\"><path d=\"M145.5 108.5l168 168L325 288l-11.5 11.5-168 168-22.5-23L279.5 288 123 131.5zm112 0l168 168L437 288l-11.5 11.5-168 168-22.5-23L391.5 288 235 131.5z\"><\/path><\/svg><\/span><\/a>\n                    <\/span>\n                  <\/div>\n                <\/div>\n              <\/div>\n            <\/div>\n          <\/div>\n        <\/div>\n      <\/div>\n    <\/div>\n  <\/div>\n<\/div>","protected":false},"excerpt":{"rendered":"<p>Das Ger\u00e4usch von Spa\u00df in der Luft. Hier findest du eine Auswahl an Konfettiprodukten. Dabei ist das verwendete Papierkonfetti 100% biologisch abbaubar und schwer entflammbar (B1). manuelle Konfettishots Drehen und Boom! Perfekt f\u00fcr kleine Feiern und spontane Showeinlagen. Kannst&#8217;e \u00fcber uns in 28 cm, 50 cm oder 80 cm Gr\u00f6\u00dfe beziehen. Je gr\u00f6\u00dfer desto weiter [&hellip;]<\/p>\n","protected":false},"author":1,"featured_media":0,"parent":0,"menu_order":0,"comment_status":"closed","ping_status":"closed","template":"page-templates\/full-width-page.php","meta":{"footnotes":""},"class_list":["post-478","page","type-page","status-publish","hentry"],"_links":{"self":[{"href":"https:\/\/www.gtsfld.de\/index.php\/wp-json\/wp\/v2\/pages\/478","targetHints":{"allow":["GET"]}}],"collection":[{"href":"https:\/\/www.gtsfld.de\/index.php\/wp-json\/wp\/v2\/pages"}],"about":[{"href":"https:\/\/www.gtsfld.de\/index.php\/wp-json\/wp\/v2\/types\/page"}],"author":[{"embeddable":true,"href":"https:\/\/www.gtsfld.de\/index.php\/wp-json\/wp\/v2\/users\/1"}],"replies":[{"embeddable":true,"href":"https:\/\/www.gtsfld.de\/index.php\/wp-json\/wp\/v2\/comments?post=478"}],"version-history":[{"count":6,"href":"https:\/\/www.gtsfld.de\/index.php\/wp-json\/wp\/v2\/pages\/478\/revisions"}],"predecessor-version":[{"id":679,"href":"https:\/\/www.gtsfld.de\/index.php\/wp-json\/wp\/v2\/pages\/478\/revisions\/679"}],"wp:attachment":[{"href":"https:\/\/www.gtsfld.de\/index.php\/wp-json\/wp\/v2\/media?parent=478"}],"curies":[{"name":"wp","href":"https:\/\/api.w.org\/{rel}","templated":true}]}}