{"id":484,"date":"2025-09-20T20:46:43","date_gmt":"2025-09-20T20:46:43","guid":{"rendered":"https:\/\/www.gtsfld.de\/index.php\/hot-sfx\/"},"modified":"2026-02-23T20:09:13","modified_gmt":"2026-02-23T20:09:13","slug":"hot-sfx","status":"publish","type":"page","link":"https:\/\/www.gtsfld.de\/index.php\/hot-sfx\/","title":{"rendered":"Hot SFX"},"content":{"rendered":"<div data-colibri-id=\"484-c1\" class=\"style-485 style-local-484-c1 position-relative\">\n  <!---->\n  <div data-colibri-component=\"section\" data-colibri-id=\"484-c2\" id=\"features\" class=\"h-section h-section-global-spacing d-flex align-items-lg-center align-items-md-center align-items-center style-486 style-local-484-c2 position-relative\">\n    <!---->\n    <!---->\n    <div class=\"h-section-grid-container h-section-boxed-container\">\n      <div data-colibri-id=\"484-c28\" class=\"h-row-container gutters-row-lg-2 gutters-row-md-2 gutters-row-0 gutters-row-v-lg-2 gutters-row-v-md-2 gutters-row-v-2 style-496 style-local-484-c28 position-relative\">\n        <!---->\n        <div class=\"h-row justify-content-lg-center justify-content-md-center justify-content-center align-items-lg-stretch align-items-md-stretch align-items-stretch gutters-col-lg-2 gutters-col-md-2 gutters-col-0 gutters-col-v-lg-2 gutters-col-v-md-2 gutters-col-v-2\">\n          <!---->\n          <div class=\"h-column h-column-container d-flex h-col-lg-auto h-col-md-auto h-col-auto style-497-outer style-local-484-c29-outer\">\n            <div data-colibri-id=\"484-c29\" class=\"d-flex h-flex-basis h-column__inner h-px-lg-2 h-px-md-2 h-px-2 v-inner-lg-2 v-inner-md-2 v-inner-2 style-497 style-local-484-c29 position-relative\">\n              <!---->\n              <!---->\n              <div class=\"w-100 h-y-container h-column__content h-column__v-align flex-basis-100 align-self-lg-start align-self-md-start align-self-start\">\n                <!---->\n                <div data-colibri-id=\"484-c30\" class=\"h-global-transition-all h-heading style-498 style-local-484-c30 position-relative h-element\">\n                  <!---->\n                  <div class=\"h-heading__outer style-498 style-local-484-c30\">\n                    <!---->\n                    <!---->\n                    <h2 class=\"\">Hei\u00dfe Momente. Kalte Nerven.<\/h2>\n                  <\/div>\n                <\/div>\n                <div data-colibri-id=\"484-c31\" class=\"h-lead h-text h-text-component style-499 style-local-484-c31 position-relative h-element\">\n                  <!---->\n                  <!---->\n                  <div class=\"\">\n                    <p>Unsere Hot SFX sorgen f\u00fcr den ultimativen Adrenalinkick: von sicheren Kaltfunkenmaschinen bis zu beindruckenden Flammenwerfern \u2013 hier wird deine Show wortw\u00f6rtlich zum Brennpunkt. Pr\u00e4zise, spektakul\u00e4r und immer mit dem n\u00f6tigen Funken\n                      Sicherheit.<\/p>\n                  <\/div>\n                <\/div>\n              <\/div>\n            <\/div>\n          <\/div>\n        <\/div>\n      <\/div>\n      <div data-colibri-id=\"484-c3\" class=\"h-row-container gutters-row-lg-2 gutters-row-md-2 gutters-row-2 gutters-row-v-lg-2 gutters-row-v-md-2 gutters-row-v-2 style-487 style-local-484-c3 position-relative\">\n        <!---->\n        <div class=\"h-row justify-content-lg-center justify-content-md-center justify-content-center align-items-lg-stretch align-items-md-stretch align-items-stretch gutters-col-lg-2 gutters-col-md-2 gutters-col-2 gutters-col-v-lg-2 gutters-col-v-md-2 gutters-col-v-2\">\n          <!---->\n          <div class=\"h-column h-column-container d-flex h-col-lg-4 h-col-md-6 h-col-12 style-488-outer style-local-484-c4-outer\">\n            <div data-colibri-id=\"484-c4\" class=\"d-flex h-flex-basis h-column__inner h-px-lg-0 h-px-md-0 h-px-0 v-inner-lg-0 v-inner-md-0 v-inner-0 style-488 style-local-484-c4 position-relative\">\n              <!---->\n              <!---->\n              <div class=\"w-100 h-y-container h-column__content h-column__v-align flex-basis-100 align-self-lg-start align-self-md-start align-self-start\">\n                <!---->\n                <div data-colibri-id=\"484-c5\" class=\"d-block style-489 style-local-484-c5 position-relative h-element\">\n                  <!---->\n                  <div class=\"h-image__frame-container-outer\">\n                    <div class=\"h-image__frame-container\">\n                      <!---->\n                      <!---->\n                      <img loading=\"lazy\" decoding=\"async\" width=\"1024\" height=\"1024\" src=\"https:\/\/www.gtsfld.de\/wp-content\/uploads\/2025\/09\/cropped-ChatGPT-Image-21.-Sept.-2025-08_39_23.png\" class=\"wp-image-495 style-489-image style-local-484-c5-image\" alt=\"\" srcset=\"https:\/\/www.gtsfld.de\/wp-content\/uploads\/2025\/09\/cropped-ChatGPT-Image-21.-Sept.-2025-08_39_23.png 1024w, https:\/\/www.gtsfld.de\/wp-content\/uploads\/2025\/09\/cropped-ChatGPT-Image-21.-Sept.-2025-08_39_23-300x300.png 300w, https:\/\/www.gtsfld.de\/wp-content\/uploads\/2025\/09\/cropped-ChatGPT-Image-21.-Sept.-2025-08_39_23-100x100.png 100w, https:\/\/www.gtsfld.de\/wp-content\/uploads\/2025\/09\/cropped-ChatGPT-Image-21.-Sept.-2025-08_39_23-600x600.png 600w, https:\/\/www.gtsfld.de\/wp-content\/uploads\/2025\/09\/cropped-ChatGPT-Image-21.-Sept.-2025-08_39_23-150x150.png 150w, https:\/\/www.gtsfld.de\/wp-content\/uploads\/2025\/09\/cropped-ChatGPT-Image-21.-Sept.-2025-08_39_23-768x768.png 768w\" sizes=\"auto, (max-width: 1024px) 100vw, 1024px\" \/>\n                      <div class=\"h-image__frame h-hide-lg h-hide-md h-hide-sm style-489-frameImage style-local-484-c5-frameImage\"><\/div>\n                    <\/div>\n                  <\/div>\n                <\/div>\n                <div data-colibri-id=\"484-c6\" class=\"h-row-container gutters-row-lg-0 gutters-row-md-0 gutters-row-2 gutters-row-v-lg-0 gutters-row-v-md-0 gutters-row-v-2 style-490 style-local-484-c6 position-relative\">\n                  <!---->\n                  <div class=\"h-row justify-content-lg-center justify-content-md-center justify-content-center align-items-lg-stretch align-items-md-stretch align-items-stretch gutters-col-lg-0 gutters-col-md-0 gutters-col-2 gutters-col-v-lg-0 gutters-col-v-md-0 gutters-col-v-2\">\n                    <!---->\n                    <div class=\"h-column h-column-container d-flex h-col-lg-auto h-col-md-auto h-col-auto style-491-outer style-local-484-c7-outer\">\n                      <div data-colibri-id=\"484-c7\" class=\"d-flex h-flex-basis h-column__inner h-px-lg-2 h-px-md-3 h-px-2 v-inner-lg-2 v-inner-md-3 v-inner-2 style-491 style-local-484-c7 position-relative\">\n                        <!---->\n                        <!---->\n                        <div class=\"w-100 h-y-container h-column__content h-column__v-align flex-basis-100 align-self-lg-start align-self-md-start align-self-start\">\n                          <!---->\n                          <div data-colibri-id=\"484-c8\" class=\"h-global-transition-all h-heading style-492 style-local-484-c8 position-relative h-element\">\n                            <!---->\n                            <div class=\"h-heading__outer style-492 style-local-484-c8\">\n                              <!---->\n                              <!---->\n                              <h4 class=\"\">Kaltfunkenmaschinen<\/h4>\n                            <\/div>\n                          <\/div>\n                          <div data-colibri-id=\"484-c9\" class=\"h-text h-text-component style-493 style-local-484-c9 position-relative h-element\">\n                            <!---->\n                            <!---->\n                            <div class=\"\">\n                              <p><span style=\"font-size: medium; color: rgb(0, 0, 0); font-weight: 400;\">Unsere Kaltfunkenmaschinen zaubern beeindruckende Font\u00e4nen \u2013 v\u00f6llig rauchfrei, kalt anfassbar und sicher. Perfekt f\u00fcr B\u00fchnen, Hochzeiten und Events, bei denen es spektakul\u00e4r aussehen soll.<\/span><\/p>\n                            <\/div>\n                          <\/div>\n                        <\/div>\n                      <\/div>\n                    <\/div>\n                  <\/div>\n                <\/div>\n                <div data-colibri-id=\"484-c10\" class=\"h-x-container style-494 style-local-484-c10 position-relative h-element\">\n                  <!---->\n                  <div class=\"h-x-container-inner style-dynamic-484-c10-group style-494-spacing style-local-484-c10-spacing\"><span class=\"h-link__outer style-495-outer style-local-484-c11-outer d-inline-flex h-element\"><a h-use-smooth-scroll=\"true\" href=\"https:\/\/www.gtsfld.de\/index.php\/kontakt\/\"  data-colibri-id=\"484-c11\" class=\"d-flex w-100 align-items-center h-link style-495 style-local-484-c11 position-relative\"><!----><!----> <span>Meld dich mal<\/span>                    <span class=\"h-svg-icon h-link__icon style-495-icon style-local-484-c11-icon\"><!--Icon by Icons8 Line Awesome (https:\/\/icons8.com\/line-awesome)--><svg version=\"1.1\" xmlns=\"http:\/\/www.w3.org\/2000\/svg\" xmlns:xlink=\"http:\/\/www.w3.org\/1999\/xlink\" id=\"angle-double-right\" viewBox=\"0 0 512 545.5\"><path d=\"M145.5 108.5l168 168L325 288l-11.5 11.5-168 168-22.5-23L279.5 288 123 131.5zm112 0l168 168L437 288l-11.5 11.5-168 168-22.5-23L391.5 288 235 131.5z\"><\/path><\/svg><\/span><\/a>\n                    <\/span>\n                  <\/div>\n                <\/div>\n              <\/div>\n            <\/div>\n          <\/div>\n          <div class=\"h-column h-column-container d-flex h-col-lg-4 h-col-md-6 h-col-12 style-488-outer style-local-484-c12-outer\">\n            <div data-colibri-id=\"484-c12\" class=\"d-flex h-flex-basis h-column__inner h-px-lg-0 h-px-md-0 h-px-0 v-inner-lg-0 v-inner-md-0 v-inner-0 style-488 style-local-484-c12 position-relative\">\n              <!---->\n              <!---->\n              <div class=\"w-100 h-y-container h-column__content h-column__v-align flex-basis-100 align-self-lg-start align-self-md-start align-self-start\">\n                <!---->\n                <div data-colibri-id=\"484-c13\" class=\"d-block style-489 style-local-484-c13 position-relative h-element\">\n                  <!---->\n                  <div class=\"h-image__frame-container-outer\">\n                    <div class=\"h-image__frame-container\">\n                      <!---->\n                      <!---->\n                      <img loading=\"lazy\" decoding=\"async\" width=\"1024\" height=\"1024\" src=\"https:\/\/www.gtsfld.de\/wp-content\/uploads\/2025\/09\/cropped-ChatGPT-Image-21.-Sept.-2025-08_24_18.png\" class=\"wp-image-493 style-489-image style-local-484-c13-image\" alt=\"\" srcset=\"https:\/\/www.gtsfld.de\/wp-content\/uploads\/2025\/09\/cropped-ChatGPT-Image-21.-Sept.-2025-08_24_18.png 1024w, https:\/\/www.gtsfld.de\/wp-content\/uploads\/2025\/09\/cropped-ChatGPT-Image-21.-Sept.-2025-08_24_18-300x300.png 300w, https:\/\/www.gtsfld.de\/wp-content\/uploads\/2025\/09\/cropped-ChatGPT-Image-21.-Sept.-2025-08_24_18-100x100.png 100w, https:\/\/www.gtsfld.de\/wp-content\/uploads\/2025\/09\/cropped-ChatGPT-Image-21.-Sept.-2025-08_24_18-600x600.png 600w, https:\/\/www.gtsfld.de\/wp-content\/uploads\/2025\/09\/cropped-ChatGPT-Image-21.-Sept.-2025-08_24_18-150x150.png 150w, https:\/\/www.gtsfld.de\/wp-content\/uploads\/2025\/09\/cropped-ChatGPT-Image-21.-Sept.-2025-08_24_18-768x768.png 768w\" sizes=\"auto, (max-width: 1024px) 100vw, 1024px\" \/>\n                      <div class=\"h-image__frame h-hide-lg h-hide-md h-hide-sm style-489-frameImage style-local-484-c13-frameImage\"><\/div>\n                    <\/div>\n                  <\/div>\n                <\/div>\n                <div data-colibri-id=\"484-c14\" class=\"h-row-container gutters-row-lg-0 gutters-row-md-0 gutters-row-2 gutters-row-v-lg-0 gutters-row-v-md-0 gutters-row-v-2 style-490 style-local-484-c14 position-relative\">\n                  <!---->\n                  <div class=\"h-row justify-content-lg-center justify-content-md-center justify-content-center align-items-lg-stretch align-items-md-stretch align-items-stretch gutters-col-lg-0 gutters-col-md-0 gutters-col-2 gutters-col-v-lg-0 gutters-col-v-md-0 gutters-col-v-2\">\n                    <!---->\n                    <div class=\"h-column h-column-container d-flex h-col-lg-auto h-col-md-auto h-col-auto style-491-outer style-local-484-c15-outer\">\n                      <div data-colibri-id=\"484-c15\" class=\"d-flex h-flex-basis h-column__inner h-px-lg-2 h-px-md-3 h-px-2 v-inner-lg-2 v-inner-md-3 v-inner-2 style-491 style-local-484-c15 position-relative\">\n                        <!---->\n                        <!---->\n                        <div class=\"w-100 h-y-container h-column__content h-column__v-align flex-basis-100 align-self-lg-start align-self-md-start align-self-start\">\n                          <!---->\n                          <div data-colibri-id=\"484-c16\" class=\"h-global-transition-all h-heading style-492 style-local-484-c16 position-relative h-element\">\n                            <!---->\n                            <div class=\"h-heading__outer style-492 style-local-484-c16\">\n                              <!---->\n                              <!---->\n                              <h4 class=\"\">Flammenprojektoren<\/h4>\n                            <\/div>\n                          <\/div>\n                          <div data-colibri-id=\"484-c17\" class=\"h-text h-text-component style-493 style-local-484-c17 position-relative h-element\">\n                            <!---->\n                            <!---->\n                            <div class=\"\">\n                              <p><span style=\"font-size: medium; color: rgb(0, 0, 0); font-weight: 400;\">Unsere Flammenprojektoren bringen echtes Feuer auf die B\u00fchne \u2013 pr\u00e4zise, sicher und mit maximalem Show-Effekt. Ideal f\u00fcr den gro\u00dfen Auftritt, wenn du dein Publikum sprichw\u00f6rtlich zum Lodern bringen willst.<\/span><\/p>\n                            <\/div>\n                          <\/div>\n                        <\/div>\n                      <\/div>\n                    <\/div>\n                  <\/div>\n                <\/div>\n                <div data-colibri-id=\"484-c18\" class=\"h-x-container style-494 style-local-484-c18 position-relative h-element\">\n                  <!---->\n                  <div class=\"h-x-container-inner style-dynamic-484-c18-group style-494-spacing style-local-484-c18-spacing\"><span class=\"h-link__outer style-495-outer style-local-484-c19-outer d-inline-flex h-element\"><a h-use-smooth-scroll=\"true\" href=\"https:\/\/www.gtsfld.de\/index.php\/kontakt\/\"  data-colibri-id=\"484-c19\" class=\"d-flex w-100 align-items-center h-link style-495 style-local-484-c19 position-relative\"><!----><!----> <span>Meld dich mal<\/span>                    <span class=\"h-svg-icon h-link__icon style-495-icon style-local-484-c19-icon\"><!--Icon by Icons8 Line Awesome (https:\/\/icons8.com\/line-awesome)--><svg version=\"1.1\" xmlns=\"http:\/\/www.w3.org\/2000\/svg\" xmlns:xlink=\"http:\/\/www.w3.org\/1999\/xlink\" id=\"angle-double-right\" viewBox=\"0 0 512 545.5\"><path d=\"M145.5 108.5l168 168L325 288l-11.5 11.5-168 168-22.5-23L279.5 288 123 131.5zm112 0l168 168L437 288l-11.5 11.5-168 168-22.5-23L391.5 288 235 131.5z\"><\/path><\/svg><\/span><\/a>\n                    <\/span>\n                  <\/div>\n                <\/div>\n              <\/div>\n            <\/div>\n          <\/div>\n          <div class=\"h-column h-column-container d-flex h-col-lg-4 h-col-md-6 h-col-12 style-488-outer style-local-484-c20-outer\">\n            <div data-colibri-id=\"484-c20\" class=\"d-flex h-flex-basis h-column__inner h-px-lg-0 h-px-md-0 h-px-0 v-inner-lg-0 v-inner-md-0 v-inner-0 style-488 style-local-484-c20 position-relative\">\n              <!---->\n              <!---->\n              <div class=\"w-100 h-y-container h-column__content h-column__v-align flex-basis-100 align-self-lg-start align-self-md-start align-self-start\">\n                <!---->\n                <div data-colibri-id=\"484-c21\" class=\"d-block style-489 style-local-484-c21 position-relative h-element\">\n                  <!---->\n                  <div class=\"h-image__frame-container-outer\">\n                    <div class=\"h-image__frame-container\">\n                      <!---->\n                      <!---->\n                      <img loading=\"lazy\" decoding=\"async\" width=\"1024\" height=\"1024\" src=\"https:\/\/www.gtsfld.de\/wp-content\/uploads\/2025\/09\/cropped-ChatGPT-Image-21.-Sept.-2025-09_23_01.png\" class=\"wp-image-523 style-489-image style-local-484-c21-image\" alt=\"\" srcset=\"https:\/\/www.gtsfld.de\/wp-content\/uploads\/2025\/09\/cropped-ChatGPT-Image-21.-Sept.-2025-09_23_01.png 1024w, https:\/\/www.gtsfld.de\/wp-content\/uploads\/2025\/09\/cropped-ChatGPT-Image-21.-Sept.-2025-09_23_01-300x300.png 300w, https:\/\/www.gtsfld.de\/wp-content\/uploads\/2025\/09\/cropped-ChatGPT-Image-21.-Sept.-2025-09_23_01-100x100.png 100w, https:\/\/www.gtsfld.de\/wp-content\/uploads\/2025\/09\/cropped-ChatGPT-Image-21.-Sept.-2025-09_23_01-600x600.png 600w, https:\/\/www.gtsfld.de\/wp-content\/uploads\/2025\/09\/cropped-ChatGPT-Image-21.-Sept.-2025-09_23_01-150x150.png 150w, https:\/\/www.gtsfld.de\/wp-content\/uploads\/2025\/09\/cropped-ChatGPT-Image-21.-Sept.-2025-09_23_01-768x768.png 768w\" sizes=\"auto, (max-width: 1024px) 100vw, 1024px\" \/>\n                      <div class=\"h-image__frame h-hide-lg h-hide-md h-hide-sm style-489-frameImage style-local-484-c21-frameImage\"><\/div>\n                    <\/div>\n                  <\/div>\n                <\/div>\n                <div data-colibri-id=\"484-c22\" class=\"h-row-container gutters-row-lg-0 gutters-row-md-0 gutters-row-2 gutters-row-v-lg-0 gutters-row-v-md-0 gutters-row-v-2 style-490 style-local-484-c22 position-relative\">\n                  <!---->\n                  <div class=\"h-row justify-content-lg-center justify-content-md-center justify-content-center align-items-lg-stretch align-items-md-stretch align-items-stretch gutters-col-lg-0 gutters-col-md-0 gutters-col-2 gutters-col-v-lg-0 gutters-col-v-md-0 gutters-col-v-2\">\n                    <!---->\n                    <div class=\"h-column h-column-container d-flex h-col-lg-auto h-col-md-auto h-col-auto style-491-outer style-local-484-c23-outer\">\n                      <div data-colibri-id=\"484-c23\" class=\"d-flex h-flex-basis h-column__inner h-px-lg-2 h-px-md-3 h-px-2 v-inner-lg-2 v-inner-md-3 v-inner-2 style-491 style-local-484-c23 position-relative\">\n                        <!---->\n                        <!---->\n                        <div class=\"w-100 h-y-container h-column__content h-column__v-align flex-basis-100 align-self-lg-start align-self-md-start align-self-start\">\n                          <!---->\n                          <div data-colibri-id=\"484-c24\" class=\"h-global-transition-all h-heading style-492 style-local-484-c24 position-relative h-element\">\n                            <!---->\n                            <div class=\"h-heading__outer style-492 style-local-484-c24\">\n                              <!---->\n                              <!---->\n                              <h4 class=\"\">Sicherheit<\/h4>\n                            <\/div>\n                          <\/div>\n                          <div data-colibri-id=\"484-c25\" class=\"h-text h-text-component style-493 style-local-484-c25 position-relative h-element\">\n                            <!---->\n                            <!---->\n                            <div class=\"\">\n                              <p><span style=\"font-size: medium; color: rgb(0, 0, 0); font-weight: 400;\">Wir machen\u2019s offiziell: Deine Show ist sicher. Mit Genehmigung, Plan B und allem Drum und Dran \u2013 damit nur die Effekte gef\u00e4hrlich aussehen.<\/span><\/p>\n                            <\/div>\n                          <\/div>\n                        <\/div>\n                      <\/div>\n                    <\/div>\n                  <\/div>\n                <\/div>\n                <div data-colibri-id=\"484-c26\" class=\"h-x-container style-494 style-local-484-c26 position-relative h-element\">\n                  <!---->\n                  <div class=\"h-x-container-inner style-dynamic-484-c26-group style-494-spacing style-local-484-c26-spacing\"><span class=\"h-link__outer style-495-outer style-local-484-c27-outer d-inline-flex h-element\"><a h-use-smooth-scroll=\"true\" href=\"https:\/\/www.gtsfld.de\/index.php\/kontakt\/\"  data-colibri-id=\"484-c27\" class=\"d-flex w-100 align-items-center h-link style-495 style-local-484-c27 position-relative\"><!----><!----> <span>Meld dich mal<\/span>                    <span class=\"h-svg-icon h-link__icon style-495-icon style-local-484-c27-icon\"><!--Icon by Icons8 Line Awesome (https:\/\/icons8.com\/line-awesome)--><svg version=\"1.1\" xmlns=\"http:\/\/www.w3.org\/2000\/svg\" xmlns:xlink=\"http:\/\/www.w3.org\/1999\/xlink\" id=\"angle-double-right\" viewBox=\"0 0 512 545.5\"><path d=\"M145.5 108.5l168 168L325 288l-11.5 11.5-168 168-22.5-23L279.5 288 123 131.5zm112 0l168 168L437 288l-11.5 11.5-168 168-22.5-23L391.5 288 235 131.5z\"><\/path><\/svg><\/span><\/a>\n                    <\/span>\n                  <\/div>\n                <\/div>\n              <\/div>\n            <\/div>\n          <\/div>\n        <\/div>\n      <\/div>\n    <\/div>\n  <\/div>\n<\/div>","protected":false},"excerpt":{"rendered":"<p>Hei\u00dfe Momente. Kalte Nerven. Unsere Hot SFX sorgen f\u00fcr den ultimativen Adrenalinkick: von sicheren Kaltfunkenmaschinen bis zu beindruckenden Flammenwerfern \u2013 hier wird deine Show wortw\u00f6rtlich zum Brennpunkt. Pr\u00e4zise, spektakul\u00e4r und immer mit dem n\u00f6tigen Funken Sicherheit. Kaltfunkenmaschinen Unsere Kaltfunkenmaschinen zaubern beeindruckende Font\u00e4nen \u2013 v\u00f6llig rauchfrei, kalt anfassbar und sicher. Perfekt f\u00fcr B\u00fchnen, Hochzeiten und Events, [&hellip;]<\/p>\n","protected":false},"author":1,"featured_media":0,"parent":0,"menu_order":0,"comment_status":"closed","ping_status":"closed","template":"page-templates\/full-width-page.php","meta":{"footnotes":""},"class_list":["post-484","page","type-page","status-publish","hentry"],"_links":{"self":[{"href":"https:\/\/www.gtsfld.de\/index.php\/wp-json\/wp\/v2\/pages\/484","targetHints":{"allow":["GET"]}}],"collection":[{"href":"https:\/\/www.gtsfld.de\/index.php\/wp-json\/wp\/v2\/pages"}],"about":[{"href":"https:\/\/www.gtsfld.de\/index.php\/wp-json\/wp\/v2\/types\/page"}],"author":[{"embeddable":true,"href":"https:\/\/www.gtsfld.de\/index.php\/wp-json\/wp\/v2\/users\/1"}],"replies":[{"embeddable":true,"href":"https:\/\/www.gtsfld.de\/index.php\/wp-json\/wp\/v2\/comments?post=484"}],"version-history":[{"count":8,"href":"https:\/\/www.gtsfld.de\/index.php\/wp-json\/wp\/v2\/pages\/484\/revisions"}],"predecessor-version":[{"id":686,"href":"https:\/\/www.gtsfld.de\/index.php\/wp-json\/wp\/v2\/pages\/484\/revisions\/686"}],"wp:attachment":[{"href":"https:\/\/www.gtsfld.de\/index.php\/wp-json\/wp\/v2\/media?parent=484"}],"curies":[{"name":"wp","href":"https:\/\/api.w.org\/{rel}","templated":true}]}}