{"id":486,"date":"2025-09-20T20:57:56","date_gmt":"2025-09-20T20:57:56","guid":{"rendered":"https:\/\/www.gtsfld.de\/index.php\/cold-sfx\/"},"modified":"2026-02-23T20:07:20","modified_gmt":"2026-02-23T20:07:20","slug":"cold-sfx","status":"publish","type":"page","link":"https:\/\/www.gtsfld.de\/index.php\/cold-sfx\/","title":{"rendered":"Cold SFX"},"content":{"rendered":"<div data-colibri-id=\"486-c1\" class=\"style-500 style-local-486-c1 position-relative\">\n  <!---->\n  <div data-colibri-component=\"section\" data-colibri-id=\"486-c2\" id=\"features\" class=\"h-section h-section-global-spacing d-flex align-items-lg-center align-items-md-center align-items-center style-501 style-local-486-c2 position-relative\">\n    <!---->\n    <!---->\n    <div class=\"h-section-grid-container h-section-boxed-container\">\n      <div data-colibri-id=\"486-c28\" class=\"h-row-container gutters-row-lg-2 gutters-row-md-2 gutters-row-0 gutters-row-v-lg-2 gutters-row-v-md-2 gutters-row-v-2 style-511 style-local-486-c28 position-relative\">\n        <!---->\n        <div class=\"h-row justify-content-lg-center justify-content-md-center justify-content-center align-items-lg-stretch align-items-md-stretch align-items-stretch gutters-col-lg-2 gutters-col-md-2 gutters-col-0 gutters-col-v-lg-2 gutters-col-v-md-2 gutters-col-v-2\">\n          <!---->\n          <div class=\"h-column h-column-container d-flex h-col-lg-auto h-col-md-auto h-col-auto style-512-outer style-local-486-c29-outer\">\n            <div data-colibri-id=\"486-c29\" class=\"d-flex h-flex-basis h-column__inner h-px-lg-2 h-px-md-2 h-px-2 v-inner-lg-2 v-inner-md-2 v-inner-2 style-512 style-local-486-c29 position-relative\">\n              <!---->\n              <!---->\n              <div class=\"w-100 h-y-container h-column__content h-column__v-align flex-basis-100 align-self-lg-start align-self-md-start align-self-start\">\n                <!---->\n                <div data-colibri-id=\"486-c30\" class=\"h-global-transition-all h-heading style-513 style-local-486-c30 position-relative h-element\">\n                  <!---->\n                  <div class=\"h-heading__outer style-513 style-local-486-c30\">\n                    <!---->\n                    <!---->\n                    <h2 class=\"\">Wenn Atmosph\u00e4re sichtbar wird.<\/h2>\n                  <\/div>\n                <\/div>\n                <div data-colibri-id=\"486-c31\" class=\"h-lead h-text h-text-component style-514 style-local-486-c31 position-relative h-element\">\n                  <!---->\n                  <!---->\n                  <div class=\"\">\n                    <p>Ob Nebel, Haze, Seifenblasen oder Schnee \u2013 unsere Cold SFX bringen Atmosph\u00e4re in jede Location. Von mystisch bis m\u00e4rchenhaft: Wir sorgen f\u00fcr den richtigen Effekt, damit deine B\u00fchne nicht nur hei\u00df, sonder auch cool aussieht.<\/p>\n                  <\/div>\n                <\/div>\n              <\/div>\n            <\/div>\n          <\/div>\n        <\/div>\n      <\/div>\n      <div data-colibri-id=\"486-c3\" class=\"h-row-container gutters-row-lg-2 gutters-row-md-2 gutters-row-2 gutters-row-v-lg-2 gutters-row-v-md-2 gutters-row-v-2 style-502 style-local-486-c3 position-relative\">\n        <!---->\n        <div class=\"h-row justify-content-lg-center justify-content-md-center justify-content-center align-items-lg-stretch align-items-md-stretch align-items-stretch gutters-col-lg-2 gutters-col-md-2 gutters-col-2 gutters-col-v-lg-2 gutters-col-v-md-2 gutters-col-v-2\">\n          <!---->\n          <div class=\"h-column h-column-container d-flex h-col-lg-4 h-col-md-6 h-col-12 style-503-outer style-local-486-c4-outer\">\n            <div data-colibri-id=\"486-c4\" class=\"d-flex h-flex-basis h-column__inner h-px-lg-0 h-px-md-0 h-px-0 v-inner-lg-0 v-inner-md-0 v-inner-0 style-503 style-local-486-c4 position-relative\">\n              <!---->\n              <!---->\n              <div class=\"w-100 h-y-container h-column__content h-column__v-align flex-basis-100 align-self-lg-start align-self-md-start align-self-start\">\n                <!---->\n                <div data-colibri-id=\"486-c5\" class=\"d-block style-504 style-local-486-c5 position-relative h-element\">\n                  <!---->\n                  <div class=\"h-image__frame-container-outer\">\n                    <div class=\"h-image__frame-container\">\n                      <!---->\n                      <!---->\n                      <img loading=\"lazy\" decoding=\"async\" width=\"1920\" height=\"1919\" src=\"https:\/\/www.gtsfld.de\/wp-content\/uploads\/2025\/09\/cropped-IMG_3556-scaled-1.jpeg\" class=\"wp-image-489 style-504-image style-local-486-c5-image\" alt=\"\" srcset=\"https:\/\/www.gtsfld.de\/wp-content\/uploads\/2025\/09\/cropped-IMG_3556-scaled-1.jpeg 1920w, https:\/\/www.gtsfld.de\/wp-content\/uploads\/2025\/09\/cropped-IMG_3556-scaled-1-300x300.jpeg 300w, https:\/\/www.gtsfld.de\/wp-content\/uploads\/2025\/09\/cropped-IMG_3556-scaled-1-100x100.jpeg 100w, https:\/\/www.gtsfld.de\/wp-content\/uploads\/2025\/09\/cropped-IMG_3556-scaled-1-600x600.jpeg 600w, https:\/\/www.gtsfld.de\/wp-content\/uploads\/2025\/09\/cropped-IMG_3556-scaled-1-1024x1024.jpeg 1024w, https:\/\/www.gtsfld.de\/wp-content\/uploads\/2025\/09\/cropped-IMG_3556-scaled-1-150x150.jpeg 150w, https:\/\/www.gtsfld.de\/wp-content\/uploads\/2025\/09\/cropped-IMG_3556-scaled-1-768x768.jpeg 768w, https:\/\/www.gtsfld.de\/wp-content\/uploads\/2025\/09\/cropped-IMG_3556-scaled-1-1536x1536.jpeg 1536w\" sizes=\"auto, (max-width: 1920px) 100vw, 1920px\" \/>\n                      <div class=\"h-image__frame h-hide-lg h-hide-md h-hide-sm style-504-frameImage style-local-486-c5-frameImage\"><\/div>\n                    <\/div>\n                  <\/div>\n                <\/div>\n                <div data-colibri-id=\"486-c6\" class=\"h-row-container gutters-row-lg-0 gutters-row-md-0 gutters-row-2 gutters-row-v-lg-0 gutters-row-v-md-0 gutters-row-v-2 style-505 style-local-486-c6 position-relative\">\n                  <!---->\n                  <div class=\"h-row justify-content-lg-center justify-content-md-center justify-content-center align-items-lg-stretch align-items-md-stretch align-items-stretch gutters-col-lg-0 gutters-col-md-0 gutters-col-2 gutters-col-v-lg-0 gutters-col-v-md-0 gutters-col-v-2\">\n                    <!---->\n                    <div class=\"h-column h-column-container d-flex h-col-lg-auto h-col-md-auto h-col-auto style-506-outer style-local-486-c7-outer\">\n                      <div data-colibri-id=\"486-c7\" class=\"d-flex h-flex-basis h-column__inner h-px-lg-2 h-px-md-3 h-px-2 v-inner-lg-2 v-inner-md-3 v-inner-2 style-506 style-local-486-c7 position-relative\">\n                        <!---->\n                        <!---->\n                        <div class=\"w-100 h-y-container h-column__content h-column__v-align flex-basis-100 align-self-lg-start align-self-md-start align-self-start\">\n                          <!---->\n                          <div data-colibri-id=\"486-c8\" class=\"h-global-transition-all h-heading style-507 style-local-486-c8 position-relative h-element\">\n                            <!---->\n                            <div class=\"h-heading__outer style-507 style-local-486-c8\">\n                              <!---->\n                              <!---->\n                              <h4 class=\"\">Nebel und Haze<\/h4>\n                            <\/div>\n                          <\/div>\n                          <div data-colibri-id=\"486-c9\" class=\"h-text h-text-component style-508 style-local-486-c9 position-relative h-element\">\n                            <!---->\n                            <!---->\n                            <div class=\"\">\n                              <p><span style=\"font-size: medium; color: rgb(0, 0, 0); font-weight: 400;\">Nebelmaschinen sorgen f\u00fcr Dramatik, Tiefe und den perfekten Moment, wenn das Licht durch den Dunst bricht. Ideal f\u00fcr Shows, Konzerte und alles, was ein bisschen mystisch wirken soll.<\/span><\/p>\n                            <\/div>\n                          <\/div>\n                        <\/div>\n                      <\/div>\n                    <\/div>\n                  <\/div>\n                <\/div>\n                <div data-colibri-id=\"486-c10\" class=\"h-x-container style-509 style-local-486-c10 position-relative h-element\">\n                  <!---->\n                  <div class=\"h-x-container-inner style-dynamic-486-c10-group style-509-spacing style-local-486-c10-spacing\"><span class=\"h-link__outer style-510-outer style-local-486-c11-outer d-inline-flex h-element\"><a h-use-smooth-scroll=\"true\" href=\"https:\/\/www.gtsfld.de\/index.php\/kontakt\/\"  data-colibri-id=\"486-c11\" class=\"d-flex w-100 align-items-center h-link style-510 style-local-486-c11 position-relative\"><!----><!----> <span>Meld dich mal<\/span>                    <span class=\"h-svg-icon h-link__icon style-510-icon style-local-486-c11-icon\"><!--Icon by Icons8 Line Awesome (https:\/\/icons8.com\/line-awesome)--><svg version=\"1.1\" xmlns=\"http:\/\/www.w3.org\/2000\/svg\" xmlns:xlink=\"http:\/\/www.w3.org\/1999\/xlink\" id=\"angle-double-right\" viewBox=\"0 0 512 545.5\"><path d=\"M145.5 108.5l168 168L325 288l-11.5 11.5-168 168-22.5-23L279.5 288 123 131.5zm112 0l168 168L437 288l-11.5 11.5-168 168-22.5-23L391.5 288 235 131.5z\"><\/path><\/svg><\/span><\/a>\n                    <\/span>\n                  <\/div>\n                <\/div>\n              <\/div>\n            <\/div>\n          <\/div>\n          <div class=\"h-column h-column-container d-flex h-col-lg-4 h-col-md-6 h-col-12 style-503-outer style-local-486-c12-outer\">\n            <div data-colibri-id=\"486-c12\" class=\"d-flex h-flex-basis h-column__inner h-px-lg-0 h-px-md-0 h-px-0 v-inner-lg-0 v-inner-md-0 v-inner-0 style-503 style-local-486-c12 position-relative\">\n              <!---->\n              <!---->\n              <div class=\"w-100 h-y-container h-column__content h-column__v-align flex-basis-100 align-self-lg-start align-self-md-start align-self-start\">\n                <!---->\n                <div data-colibri-id=\"486-c13\" class=\"d-block style-504 style-local-486-c13 position-relative h-element\">\n                  <!---->\n                  <div class=\"h-image__frame-container-outer\">\n                    <div class=\"h-image__frame-container\">\n                      <!---->\n                      <!---->\n                      <img loading=\"lazy\" decoding=\"async\" width=\"726\" height=\"726\" src=\"https:\/\/www.gtsfld.de\/wp-content\/uploads\/2025\/09\/cropped-9a30bbf9-d01b-4a51-95bd-d4c3afac9321.jpg\" class=\"wp-image-491 style-504-image style-local-486-c13-image\" alt=\"\" srcset=\"https:\/\/www.gtsfld.de\/wp-content\/uploads\/2025\/09\/cropped-9a30bbf9-d01b-4a51-95bd-d4c3afac9321.jpg 726w, https:\/\/www.gtsfld.de\/wp-content\/uploads\/2025\/09\/cropped-9a30bbf9-d01b-4a51-95bd-d4c3afac9321-300x300.jpg 300w, https:\/\/www.gtsfld.de\/wp-content\/uploads\/2025\/09\/cropped-9a30bbf9-d01b-4a51-95bd-d4c3afac9321-100x100.jpg 100w, https:\/\/www.gtsfld.de\/wp-content\/uploads\/2025\/09\/cropped-9a30bbf9-d01b-4a51-95bd-d4c3afac9321-600x600.jpg 600w, https:\/\/www.gtsfld.de\/wp-content\/uploads\/2025\/09\/cropped-9a30bbf9-d01b-4a51-95bd-d4c3afac9321-150x150.jpg 150w\" sizes=\"auto, (max-width: 726px) 100vw, 726px\" \/>\n                      <div class=\"h-image__frame h-hide-lg h-hide-md h-hide-sm style-504-frameImage style-local-486-c13-frameImage\"><\/div>\n                    <\/div>\n                  <\/div>\n                <\/div>\n                <div data-colibri-id=\"486-c14\" class=\"h-row-container gutters-row-lg-0 gutters-row-md-0 gutters-row-2 gutters-row-v-lg-0 gutters-row-v-md-0 gutters-row-v-2 style-505 style-local-486-c14 position-relative\">\n                  <!---->\n                  <div class=\"h-row justify-content-lg-center justify-content-md-center justify-content-center align-items-lg-stretch align-items-md-stretch align-items-stretch gutters-col-lg-0 gutters-col-md-0 gutters-col-2 gutters-col-v-lg-0 gutters-col-v-md-0 gutters-col-v-2\">\n                    <!---->\n                    <div class=\"h-column h-column-container d-flex h-col-lg-auto h-col-md-auto h-col-auto style-506-outer style-local-486-c15-outer\">\n                      <div data-colibri-id=\"486-c15\" class=\"d-flex h-flex-basis h-column__inner h-px-lg-2 h-px-md-3 h-px-2 v-inner-lg-2 v-inner-md-3 v-inner-2 style-506 style-local-486-c15 position-relative\">\n                        <!---->\n                        <!---->\n                        <div class=\"w-100 h-y-container h-column__content h-column__v-align flex-basis-100 align-self-lg-start align-self-md-start align-self-start\">\n                          <!---->\n                          <div data-colibri-id=\"486-c16\" class=\"h-global-transition-all h-heading style-507 style-local-486-c16 position-relative h-element\">\n                            <!---->\n                            <div class=\"h-heading__outer style-507 style-local-486-c16\">\n                              <!---->\n                              <!---->\n                              <h4 class=\"\">Seifenblasen<\/h4>\n                            <\/div>\n                          <\/div>\n                          <div data-colibri-id=\"486-c17\" class=\"h-text h-text-component style-508 style-local-486-c17 position-relative h-element\">\n                            <!---->\n                            <!---->\n                            <div class=\"\">\n                              <p><span style=\"font-size: medium; color: rgb(0, 0, 0); font-weight: 400;\">Vom Kinderfest bis zur Festivalb\u00fchne \u2013 Seifenblasen bringen immer gute Laune. Und sie sehen einfach magisch aus.<\/span><\/p>\n                            <\/div>\n                          <\/div>\n                        <\/div>\n                      <\/div>\n                    <\/div>\n                  <\/div>\n                <\/div>\n                <div data-colibri-id=\"486-c18\" class=\"h-x-container style-509 style-local-486-c18 position-relative h-element\">\n                  <!---->\n                  <div class=\"h-x-container-inner style-dynamic-486-c18-group style-509-spacing style-local-486-c18-spacing\"><span class=\"h-link__outer style-510-outer style-local-486-c19-outer d-inline-flex h-element\"><a h-use-smooth-scroll=\"true\" href=\"https:\/\/www.gtsfld.de\/index.php\/kontakt\/\"  data-colibri-id=\"486-c19\" class=\"d-flex w-100 align-items-center h-link style-510 style-local-486-c19 position-relative\"><!----><!----> <span>Meld dich mal<\/span>                    <span class=\"h-svg-icon h-link__icon style-510-icon style-local-486-c19-icon\"><!--Icon by Icons8 Line Awesome (https:\/\/icons8.com\/line-awesome)--><svg version=\"1.1\" xmlns=\"http:\/\/www.w3.org\/2000\/svg\" xmlns:xlink=\"http:\/\/www.w3.org\/1999\/xlink\" id=\"angle-double-right\" viewBox=\"0 0 512 545.5\"><path d=\"M145.5 108.5l168 168L325 288l-11.5 11.5-168 168-22.5-23L279.5 288 123 131.5zm112 0l168 168L437 288l-11.5 11.5-168 168-22.5-23L391.5 288 235 131.5z\"><\/path><\/svg><\/span><\/a>\n                    <\/span>\n                  <\/div>\n                <\/div>\n              <\/div>\n            <\/div>\n          <\/div>\n          <div class=\"h-column h-column-container d-flex h-col-lg-4 h-col-md-6 h-col-12 style-503-outer style-local-486-c20-outer\">\n            <div data-colibri-id=\"486-c20\" class=\"d-flex h-flex-basis h-column__inner h-px-lg-0 h-px-md-0 h-px-0 v-inner-lg-0 v-inner-md-0 v-inner-0 style-503 style-local-486-c20 position-relative\">\n              <!---->\n              <!---->\n              <div class=\"w-100 h-y-container h-column__content h-column__v-align flex-basis-100 align-self-lg-start align-self-md-start align-self-start\">\n                <!---->\n                <div data-colibri-id=\"486-c21\" class=\"d-block style-504 style-local-486-c21 position-relative h-element\">\n                  <!---->\n                  <div class=\"h-image__frame-container-outer\">\n                    <div class=\"h-image__frame-container\">\n                      <!---->\n                      <!---->\n                      <img loading=\"lazy\" decoding=\"async\" width=\"1918\" height=\"1922\" src=\"https:\/\/www.gtsfld.de\/wp-content\/uploads\/2025\/09\/cropped-IMG_2163-scaled-1.jpeg\" class=\"wp-image-514 style-504-image style-local-486-c21-image\" alt=\"\" srcset=\"https:\/\/www.gtsfld.de\/wp-content\/uploads\/2025\/09\/cropped-IMG_2163-scaled-1.jpeg 1918w, https:\/\/www.gtsfld.de\/wp-content\/uploads\/2025\/09\/cropped-IMG_2163-scaled-1-300x300.jpeg 300w, https:\/\/www.gtsfld.de\/wp-content\/uploads\/2025\/09\/cropped-IMG_2163-scaled-1-100x100.jpeg 100w, https:\/\/www.gtsfld.de\/wp-content\/uploads\/2025\/09\/cropped-IMG_2163-scaled-1-600x601.jpeg 600w, https:\/\/www.gtsfld.de\/wp-content\/uploads\/2025\/09\/cropped-IMG_2163-scaled-1-1022x1024.jpeg 1022w, https:\/\/www.gtsfld.de\/wp-content\/uploads\/2025\/09\/cropped-IMG_2163-scaled-1-150x150.jpeg 150w, https:\/\/www.gtsfld.de\/wp-content\/uploads\/2025\/09\/cropped-IMG_2163-scaled-1-768x770.jpeg 768w, https:\/\/www.gtsfld.de\/wp-content\/uploads\/2025\/09\/cropped-IMG_2163-scaled-1-1533x1536.jpeg 1533w\" sizes=\"auto, (max-width: 1918px) 100vw, 1918px\" \/>\n                      <div class=\"h-image__frame h-hide-lg h-hide-md h-hide-sm style-504-frameImage style-local-486-c21-frameImage\"><\/div>\n                    <\/div>\n                  <\/div>\n                <\/div>\n                <div data-colibri-id=\"486-c22\" class=\"h-row-container gutters-row-lg-0 gutters-row-md-0 gutters-row-2 gutters-row-v-lg-0 gutters-row-v-md-0 gutters-row-v-2 style-505 style-local-486-c22 position-relative\">\n                  <!---->\n                  <div class=\"h-row justify-content-lg-center justify-content-md-center justify-content-center align-items-lg-stretch align-items-md-stretch align-items-stretch gutters-col-lg-0 gutters-col-md-0 gutters-col-2 gutters-col-v-lg-0 gutters-col-v-md-0 gutters-col-v-2\">\n                    <!---->\n                    <div class=\"h-column h-column-container d-flex h-col-lg-auto h-col-md-auto h-col-auto style-506-outer style-local-486-c23-outer\">\n                      <div data-colibri-id=\"486-c23\" class=\"d-flex h-flex-basis h-column__inner h-px-lg-2 h-px-md-3 h-px-2 v-inner-lg-2 v-inner-md-3 v-inner-2 style-506 style-local-486-c23 position-relative\">\n                        <!---->\n                        <!---->\n                        <div class=\"w-100 h-y-container h-column__content h-column__v-align flex-basis-100 align-self-lg-start align-self-md-start align-self-start\">\n                          <!---->\n                          <div data-colibri-id=\"486-c24\" class=\"h-global-transition-all h-heading style-507 style-local-486-c24 position-relative h-element\">\n                            <!---->\n                            <div class=\"h-heading__outer style-507 style-local-486-c24\">\n                              <!---->\n                              <!---->\n                              <h4 class=\"\">Schneemaschinen<\/h4>\n                            <\/div>\n                          <\/div>\n                          <div data-colibri-id=\"486-c25\" class=\"h-text h-text-component style-508 style-local-486-c25 position-relative h-element\">\n                            <!---->\n                            <!---->\n                            <div class=\"\">\n                              <p><span style=\"font-weight: 400; color: rgb(0, 0, 0); font-size: medium;\">Eine Schneemaschinen verwandeln jeden Ort in eine Winterlandschaft. Garantiert ohne kalte F\u00fc\u00dfe.<\/span><\/p>\n                            <\/div>\n                          <\/div>\n                        <\/div>\n                      <\/div>\n                    <\/div>\n                  <\/div>\n                <\/div>\n                <div data-colibri-id=\"486-c26\" class=\"h-x-container style-509 style-local-486-c26 position-relative h-element\">\n                  <!---->\n                  <div class=\"h-x-container-inner style-dynamic-486-c26-group style-509-spacing style-local-486-c26-spacing\"><span class=\"h-link__outer style-510-outer style-local-486-c27-outer d-inline-flex h-element\"><a h-use-smooth-scroll=\"true\" href=\"https:\/\/www.gtsfld.de\/index.php\/kontakt\/\"  data-colibri-id=\"486-c27\" class=\"d-flex w-100 align-items-center h-link style-510 style-local-486-c27 position-relative\"><!----><!----> <span>Meld dich mal<\/span>                    <span class=\"h-svg-icon h-link__icon style-510-icon style-local-486-c27-icon\"><!--Icon by Icons8 Line Awesome (https:\/\/icons8.com\/line-awesome)--><svg version=\"1.1\" xmlns=\"http:\/\/www.w3.org\/2000\/svg\" xmlns:xlink=\"http:\/\/www.w3.org\/1999\/xlink\" id=\"angle-double-right\" viewBox=\"0 0 512 545.5\"><path d=\"M145.5 108.5l168 168L325 288l-11.5 11.5-168 168-22.5-23L279.5 288 123 131.5zm112 0l168 168L437 288l-11.5 11.5-168 168-22.5-23L391.5 288 235 131.5z\"><\/path><\/svg><\/span><\/a>\n                    <\/span>\n                  <\/div>\n                <\/div>\n              <\/div>\n            <\/div>\n          <\/div>\n        <\/div>\n      <\/div>\n    <\/div>\n  <\/div>\n<\/div>","protected":false},"excerpt":{"rendered":"<p>Wenn Atmosph\u00e4re sichtbar wird. Ob Nebel, Haze, Seifenblasen oder Schnee \u2013 unsere Cold SFX bringen Atmosph\u00e4re in jede Location. Von mystisch bis m\u00e4rchenhaft: Wir sorgen f\u00fcr den richtigen Effekt, damit deine B\u00fchne nicht nur hei\u00df, sonder auch cool aussieht. Nebel und Haze Nebelmaschinen sorgen f\u00fcr Dramatik, Tiefe und den perfekten Moment, wenn das Licht durch [&hellip;]<\/p>\n","protected":false},"author":1,"featured_media":0,"parent":0,"menu_order":0,"comment_status":"closed","ping_status":"closed","template":"page-templates\/full-width-page.php","meta":{"footnotes":""},"class_list":["post-486","page","type-page","status-publish","hentry"],"_links":{"self":[{"href":"https:\/\/www.gtsfld.de\/index.php\/wp-json\/wp\/v2\/pages\/486","targetHints":{"allow":["GET"]}}],"collection":[{"href":"https:\/\/www.gtsfld.de\/index.php\/wp-json\/wp\/v2\/pages"}],"about":[{"href":"https:\/\/www.gtsfld.de\/index.php\/wp-json\/wp\/v2\/types\/page"}],"author":[{"embeddable":true,"href":"https:\/\/www.gtsfld.de\/index.php\/wp-json\/wp\/v2\/users\/1"}],"replies":[{"embeddable":true,"href":"https:\/\/www.gtsfld.de\/index.php\/wp-json\/wp\/v2\/comments?post=486"}],"version-history":[{"count":5,"href":"https:\/\/www.gtsfld.de\/index.php\/wp-json\/wp\/v2\/pages\/486\/revisions"}],"predecessor-version":[{"id":672,"href":"https:\/\/www.gtsfld.de\/index.php\/wp-json\/wp\/v2\/pages\/486\/revisions\/672"}],"wp:attachment":[{"href":"https:\/\/www.gtsfld.de\/index.php\/wp-json\/wp\/v2\/media?parent=486"}],"curies":[{"name":"wp","href":"https:\/\/api.w.org\/{rel}","templated":true}]}}