{"id":85,"date":"2021-03-23T23:07:22","date_gmt":"2021-03-23T23:07:22","guid":{"rendered":"https:\/\/www.gtsfld.de\/?page_id=85"},"modified":"2026-02-23T20:03:46","modified_gmt":"2026-02-23T20:03:46","slug":"referenzen","status":"publish","type":"page","link":"https:\/\/www.gtsfld.de\/index.php\/referenzen\/","title":{"rendered":"Referenzen"},"content":{"rendered":"<div data-colibri-id=\"85-c1\" class=\"style-246 style-local-85-c1 position-relative\">\n  <!---->\n  <div data-colibri-component=\"section\" data-colibri-id=\"85-c2\" id=\"parookaville-2025\" class=\"h-section h-section-global-spacing d-flex align-items-lg-center align-items-md-center align-items-center style-463 style-local-85-c2 position-relative\">\n    <!---->\n    <!---->\n    <div class=\"h-section-grid-container h-section-boxed-container\">\n      <!---->\n      <div data-colibri-id=\"85-c36\" class=\"h-row-container gutters-row-lg-2 gutters-row-md-2 gutters-row-0 gutters-row-v-lg-2 gutters-row-v-md-2 gutters-row-v-2 style-539 style-local-85-c36 position-relative\">\n        <!---->\n        <div class=\"h-row justify-content-lg-center justify-content-md-center justify-content-center align-items-lg-stretch align-items-md-stretch align-items-stretch gutters-col-lg-2 gutters-col-md-2 gutters-col-0 gutters-col-v-lg-2 gutters-col-v-md-2 gutters-col-v-2\">\n          <!---->\n          <div class=\"h-column h-column-container d-flex h-col-lg-auto h-col-md-auto h-col-auto style-540-outer style-local-85-c37-outer\">\n            <div data-colibri-id=\"85-c37\" class=\"d-flex h-flex-basis h-column__inner h-px-lg-2 h-px-md-2 h-px-2 v-inner-lg-2 v-inner-md-2 v-inner-2 style-540 style-local-85-c37 position-relative\">\n              <!---->\n              <!---->\n              <div class=\"w-100 h-y-container h-column__content h-column__v-align flex-basis-100 align-self-lg-start align-self-md-start align-self-start\">\n                <!---->\n                <div data-colibri-id=\"85-c38\" class=\"style-541 style-local-85-c38 position-relative h-element\">\n                  <!---->\n                <\/div>\n              <\/div>\n            <\/div>\n          <\/div>\n        <\/div>\n      <\/div>\n      <div data-colibri-id=\"85-c3\" class=\"h-row-container gutters-row-lg-0 gutters-row-md-0 gutters-row-0 gutters-row-v-lg-0 gutters-row-v-md-0 gutters-row-v-0 style-464 style-local-85-c3 position-relative\">\n        <!---->\n        <div class=\"h-row justify-content-lg-center justify-content-md-center justify-content-center align-items-lg-stretch align-items-md-stretch align-items-stretch gutters-col-lg-0 gutters-col-md-0 gutters-col-0 gutters-col-v-lg-0 gutters-col-v-md-0 gutters-col-v-0\">\n          <!---->\n          <div class=\"h-column h-column-container d-flex h-col-lg-auto h-col-md-auto h-col-auto style-465-outer style-local-85-c4-outer\">\n            <div data-colibri-id=\"85-c4\" class=\"d-flex h-flex-basis h-column__inner h-px-lg-0 h-px-md-0 h-px-0 v-inner-lg-0 v-inner-md-0 v-inner-0 style-465 style-local-85-c4 position-relative\">\n              <!---->\n              <!---->\n              <div class=\"w-100 h-y-container h-column__content h-column__v-align flex-basis-100 align-self-lg-start align-self-md-start align-self-start\">\n                <!---->\n                <div data-colibri-id=\"85-c5\" class=\"h-global-transition-all h-heading style-466 style-local-85-c5 position-relative h-element\">\n                  <!---->\n                  <div class=\"h-heading__outer style-466 style-local-85-c5\">\n                    <!---->\n                    <!---->\n                    <h5 class=\"\">AUG 2025 \u2013 San Hejmo Festival<\/h5>\n                  <\/div>\n                <\/div>\n                <div data-colibri-id=\"85-c6\" class=\"h-global-transition-all h-heading style-467 style-local-85-c6 position-relative h-element\">\n                  <!---->\n                  <div class=\"h-heading__outer style-467 style-local-85-c6\">\n                    <!---->\n                    <!---->\n                    <h2 class=\"\">Ambiente und Fotospot im Wald<\/h2>\n                  <\/div>\n                <\/div>\n                <div data-colibri-id=\"85-c7\" class=\"h-text h-text-component style-468 style-local-85-c7 position-relative h-element\">\n                  <!---->\n                  <!---->\n                  <div class=\"\">\n                    <p>Das San Hejmo Festival in Weeze liegt mir seit der ersten Ausgabe am Herzen. Genau wie beim Parookaville Festival wurden unz\u00e4hlige Lampen f\u00fcr ein atemberaubendes Ambiente platziert.<\/p>\n                    <p>Eine spontan auf mich zukommende Aufgabe, eine 1,5 m gro\u00dfe Spiegelkugel mitten im W\u00e4ldchen zu beleuchten. Die 112 kg schwere Kugel wurde auf ein Dreibein gelegt und mit drei Moving Heads von allen Seiten angestrahlt.<\/p>\n                    <p>Damit der Effekt nochmal verst\u00e4rkt wird, wurden zwei Dunsterzeuger (Hazer) in den Wald gestellt. Die Steuerung wurde mittels DMX Recorder und einer WDMX-Funkstrecke umgesetzt.<\/p>\n                  <\/div>\n                <\/div>\n              <\/div>\n            <\/div>\n          <\/div>\n          <div class=\"h-column h-column-container d-flex h-col-lg-auto h-col-md-auto h-col-auto style-469-outer style-local-85-c8-outer\">\n            <div data-colibri-id=\"85-c8\" class=\"d-flex h-flex-basis h-column__inner h-ui-empty-state-container h-px-lg-2 h-px-md-2 h-px-2 v-inner-lg-2 v-inner-md-2 v-inner-2 style-469 style-local-85-c8 position-relative\">\n              <!---->\n              <!---->\n              <div class=\"w-100 h-y-container h-column__content h-column__v-align flex-basis-100\">\n                <!---->\n              <\/div>\n            <\/div>\n          <\/div>\n        <\/div>\n      <\/div>\n    <\/div>\n  <\/div>\n  <div data-colibri-component=\"section\" data-colibri-id=\"85-c9\" id=\"superpoweractionhour\" class=\"h-section h-section-global-spacing d-flex align-items-lg-center align-items-md-center align-items-center style-420 style-local-85-c9 position-relative\">\n    <!---->\n    <!---->\n    <div class=\"h-section-grid-container h-section-boxed-container\">\n      <!---->\n      <div data-colibri-id=\"85-c10\" class=\"h-row-container gutters-row-lg-0 gutters-row-md-0 gutters-row-0 gutters-row-v-lg-0 gutters-row-v-md-0 gutters-row-v-0 style-421 style-local-85-c10 position-relative\">\n        <!---->\n        <div class=\"h-row justify-content-lg-center justify-content-md-center justify-content-center align-items-lg-stretch align-items-md-stretch align-items-stretch gutters-col-lg-0 gutters-col-md-0 gutters-col-0 gutters-col-v-lg-0 gutters-col-v-md-0 gutters-col-v-0\">\n          <!---->\n          <div class=\"h-column h-column-container d-flex h-col-lg-auto h-col-md-auto h-col-auto style-422-outer style-local-85-c11-outer\">\n            <div data-colibri-id=\"85-c11\" class=\"d-flex h-flex-basis h-column__inner h-ui-empty-state-container h-px-lg-0 h-px-md-0 h-px-0 v-inner-lg-0 v-inner-md-0 v-inner-0 style-422 style-local-85-c11 position-relative\">\n              <!---->\n              <!---->\n              <div class=\"w-100 h-y-container h-column__content h-column__v-align flex-basis-100\">\n                <!---->\n              <\/div>\n            <\/div>\n          <\/div>\n          <div class=\"h-column h-column-container d-flex h-col-lg-auto h-col-md-auto h-col-auto style-423-outer style-local-85-c12-outer\">\n            <div data-colibri-id=\"85-c12\" class=\"d-flex h-flex-basis h-column__inner h-px-lg-2 h-px-md-2 h-px-2 v-inner-lg-2 v-inner-md-2 v-inner-2 style-423 style-local-85-c12 position-relative\">\n              <!---->\n              <!---->\n              <div class=\"w-100 h-y-container h-column__content h-column__v-align flex-basis-100 align-self-lg-start align-self-md-start align-self-start\">\n                <!---->\n                <div data-colibri-id=\"85-c13\" class=\"h-global-transition-all h-heading style-424 style-local-85-c13 position-relative h-element\">\n                  <!---->\n                  <div class=\"h-heading__outer style-424 style-local-85-c13\">\n                    <!---->\n                    <!---->\n                    <h5 class=\"\">FEB 2025 \u2013 Super Power Action Hour<\/h5>\n                  <\/div>\n                <\/div>\n                <div data-colibri-id=\"85-c14\" class=\"h-global-transition-all h-heading style-425 style-local-85-c14 position-relative h-element\">\n                  <!---->\n                  <div class=\"h-heading__outer style-425 style-local-85-c14\">\n                    <!---->\n                    <!---->\n                    <h2 class=\"\">Eine Geburtstagsfeier die seines Gleichen sucht!<\/h2>\n                  <\/div>\n                <\/div>\n                <div data-colibri-id=\"85-c15\" class=\"h-text h-text-component style-426 style-local-85-c15 position-relative h-element\">\n                  <!---->\n                  <!---->\n                  <div class=\"\">\n                    <p>Als Johannes und Jonas mir ende 2024 von Ihrer Idee erz\u00e4hlt haben, hatte ich direkt ein Bild in meinem Kopf. Zugegeben etwas Utopisch, aber lieber gro\u00df denken und sp\u00e4ter Abstriche machen. Doch Abstriche waren \u00fcberhaupt nicht n\u00f6tig,\n                      denn das Projekt sollte noch gr\u00f6\u00dfer werden.<\/p>\n                    <p>Band, M\u00e4nnertanz und abschlie\u00dfend Team Rhythmusgymnastik aus K\u00f6ln. Genau so detailreich wie das benachbarte Parookaville und San Hejmo Festival sollte es werden.<\/p>\n                    <p>Zun\u00e4chst galt es das B\u00fchnen- und Lichtdesign zu erarbeiten. Um die K\u00fcnstler auch h\u00f6ren zu k\u00f6nnen, musste das Lautsprechersystem geplant, aufgebaut und schlie\u00dflich eingemessen und bedient werden. Der Aufbau wurde koordiniert und gepr\u00fcft.\n                      Die Konfettikanonen geladen und dann konnte es los gehen. Ein spektakul\u00e4res Projekt direkt zu Beginn 2025. Alles aus einer Hand.&nbsp;<\/p>\n                  <\/div>\n                <\/div>\n                <div data-colibri-id=\"85-c16\" class=\"h-x-container style-430 style-local-85-c16 position-relative h-element\">\n                  <!---->\n                  <div class=\"h-x-container-inner style-dynamic-85-c16-group style-430-spacing style-local-85-c16-spacing\"><span class=\"h-link__outer style-431-outer style-local-85-c17-outer d-inline-flex h-element\"><a h-use-smooth-scroll=\"true\" href=\"https:\/\/www.instagram.com\/p\/DFljdFgAsSX\/?img_index=1\"  data-colibri-id=\"85-c17\" class=\"d-flex w-100 align-items-center h-link style-431 style-local-85-c17 position-relative\"><!----><span  class=\"h-svg-icon h-link__icon style-431-icon style-local-85-c17-icon\"><!--Icon by Socicon (http:\/\/www.socicon.com)--><svg version=\"1.1\" xmlns=\"http:\/\/www.w3.org\/2000\/svg\" viewBox=\"0 0 1500 1500\">\n\n<path d=\"M750 134.766c202.148 0 222.656 2.93 301.758 5.859 76.172 2.93 114.258 14.648 140.625 23.438 35.156 14.648 61.523 32.227 84.961 55.664 26.367 26.367 43.945 52.734 55.664 84.961 11.719 29.297 23.438 67.383 26.367 140.625 2.93 82.031 5.859 102.539 5.859 304.688s-2.93 222.656-5.859 301.758c-2.93 76.172-14.648 114.258-23.438 140.625-14.648 35.156-32.227 61.523-55.664 84.961-26.367 26.367-52.734 43.945-84.961 55.664-29.297 11.719-67.383 23.438-140.625 26.367-82.031 2.93-102.539 5.859-304.688 5.859s-222.656-2.93-301.758-5.859c-76.172-2.93-114.258-14.648-140.625-23.438-35.156-14.648-61.523-32.227-84.961-55.664-26.367-26.367-43.945-52.734-55.664-84.961-11.719-29.297-23.438-67.383-26.367-140.625-2.93-82.031-5.859-102.539-5.859-304.688s2.93-222.656 5.859-301.758c2.93-76.172 14.648-114.258 23.438-140.625 14.648-35.156 32.227-61.523 55.664-84.961 26.367-26.367 52.734-43.945 84.961-55.664 29.297-11.719 67.383-23.438 140.625-26.367 82.031-2.93 102.539-5.859 304.688-5.859M750 0c-205.078 0-228.516 2.93-307.617 5.859-82.031 2.93-137.695 14.648-181.641 32.227-49.805 20.508-93.75 46.875-134.766 87.891s-67.383 84.961-87.891 134.766c-17.578 46.875-29.297 99.609-32.227 181.641-2.93 79.102-5.859 102.539-5.859 307.617s2.93 228.516 5.859 307.617c2.93 82.031 14.648 137.695 32.227 181.641 20.508 49.805 46.875 93.75 87.891 134.766s84.961 67.383 134.766 87.891c46.875 17.578 99.609 29.297 181.641 32.227 79.102 2.93 102.539 5.859 307.617 5.859s228.516-2.93 307.617-5.859c82.031-2.93 137.695-14.648 181.641-32.227 49.805-20.508 93.75-46.875 134.766-87.891s67.383-84.961 87.891-134.766c17.578-46.875 29.297-99.609 32.227-181.641 2.93-79.102 5.859-102.539 5.859-307.617s-2.93-228.516-5.859-307.617c-2.93-82.031-14.648-137.695-32.227-181.641-20.508-49.805-46.875-93.75-87.891-134.766s-84.961-67.383-134.766-87.891c-46.875-17.578-99.609-29.297-181.641-32.227-79.102-2.93-102.539-5.859-307.617-5.859zM750 363.281c-213.867 0-386.719 172.852-386.719 386.719s172.852 386.719 386.719 386.719c213.867 0 386.719-172.852 386.719-386.719s-172.852-386.719-386.719-386.719zM750 1001.953c-137.695 0-251.953-114.258-251.953-251.953s114.258-251.953 251.953-251.953c137.695 0 251.953 114.258 251.953 251.953s-114.258 251.953-251.953 251.953zM1239.258 348.633c0 49.805-38.086 90.82-87.891 90.82s-90.82-41.016-90.82-90.82c0-49.805 41.016-87.891 90.82-87.891s87.891 38.086 87.891 87.891z\"><\/path>\n<\/svg>\n<\/span> <span>Hier gibts noch mehr Bilder<\/span><\/a>\n                    <\/span>\n                  <\/div>\n                <\/div>\n              <\/div>\n            <\/div>\n          <\/div>\n        <\/div>\n      <\/div>\n    <\/div>\n  <\/div>\n  <div data-colibri-component=\"section\" data-colibri-id=\"85-c18\" id=\"housearrest\" class=\"h-section h-section-global-spacing d-flex align-items-lg-center align-items-md-center align-items-center style-251 style-local-85-c18 position-relative\">\n    <!---->\n    <!---->\n    <div class=\"h-section-grid-container h-section-boxed-container\">\n      <!---->\n      <div data-colibri-id=\"85-c19\" class=\"h-row-container gutters-row-lg-0 gutters-row-md-0 gutters-row-0 gutters-row-v-lg-0 gutters-row-v-md-0 gutters-row-v-0 style-252 style-local-85-c19 position-relative\">\n        <!---->\n        <div class=\"h-row justify-content-lg-center justify-content-md-center justify-content-center align-items-lg-stretch align-items-md-stretch align-items-stretch gutters-col-lg-0 gutters-col-md-0 gutters-col-0 gutters-col-v-lg-0 gutters-col-v-md-0 gutters-col-v-0\">\n          <!---->\n          <div class=\"h-column h-column-container d-flex h-col-lg-auto h-col-md-auto h-col-auto style-253-outer style-local-85-c20-outer\">\n            <div data-colibri-id=\"85-c20\" class=\"d-flex h-flex-basis h-column__inner h-px-lg-0 h-px-md-0 h-px-0 v-inner-lg-0 v-inner-md-0 v-inner-0 style-253 style-local-85-c20 position-relative\">\n              <!---->\n              <!---->\n              <div class=\"w-100 h-y-container h-column__content h-column__v-align flex-basis-100 align-self-lg-start align-self-md-start align-self-start\">\n                <!---->\n                <div data-colibri-id=\"85-c21\" class=\"h-global-transition-all h-heading style-254 style-local-85-c21 position-relative h-element\">\n                  <!---->\n                  <div class=\"h-heading__outer style-254 style-local-85-c21\">\n                    <!---->\n                    <!---->\n                    <h5 class=\"\">2021 \u2013 B&amp;H Group<\/h5>\n                  <\/div>\n                <\/div>\n                <div data-colibri-id=\"85-c22\" class=\"h-global-transition-all h-heading style-255 style-local-85-c22 position-relative h-element\">\n                  <!---->\n                  <div class=\"h-heading__outer style-255 style-local-85-c22\">\n                    <!---->\n                    <!---->\n                    <h2 class=\"\">HouseArrest Veranstaltungen 2021<\/h2>\n                  <\/div>\n                <\/div>\n                <div data-colibri-id=\"85-c23\" class=\"h-text h-text-component style-256 style-local-85-c23 position-relative h-element\">\n                  <!---->\n                  <!---->\n                  <div class=\"\">\n                    <p>Auch dieses Jahr durften wir mehrere Veranstaltungen der&nbsp;\n                      <a href=\"https:\/\/www.b-h-group.de\" style=\"color: rgb(242, 101, 89); font-size: 1em; font-weight: 400; font-family: &quot;Open Sans&quot;;\" target=\"_blank\" rel=\"noreferrer noopener\">B&amp;H Group<\/a>&nbsp;mit aufbauen und f\u00fcr den passenden Videocontent sorgen.<\/p>\n                    <p>Nachdem wir Anfang des Jahres das neue B\u00fcro der B&amp;H Group mit einem Livestream eingeweiht haben, folgten dank der sich entspannenden Coronalage einige OpenAir Veranstaltungen.&nbsp;<\/p>\n                    <p>HouseArrest Roadshow: Das Eint\u00e4gige Event im Aussenbereich des Haus am See in Goch-Kessel war ein voller Erfolg. Festivalfeeling kam durch passende Deko und Blumenkr\u00e4nze von&nbsp;\n                      <a href=\"https:\/\/leasblumengarten.de\" style=\"color: rgb(242, 101, 89); font-size: 1em; font-weight: 400; font-family: &quot;Open Sans&quot;;\"\n                        target=\"_blank\" rel=\"noreferrer noopener\">Leas BlumengARTen<\/a>auf.&nbsp;<\/p>\n                    <p>HouseArrest The Beach: Ein mehrt\u00e4giger Aufbau der Festivalb\u00fchne, welche mit spezial Effekten wie Flammenwerfen und CO2 Kanonen best\u00fcckt wurde, war der Hingucker f\u00fcr die G\u00e4ste der beiden Veranstaltungstage. F\u00fcr uns besonders interessant:\n                      Die \u00fcber sieben Quadratmeter gro\u00dfe LED-Wand. Hier konnten nicht nur die Visuals der K\u00fcnstler abgespielt, sondern auch Bilder f\u00fcr die ClosingShow pr\u00e4sentiert werden.<\/p>\n                    <p>Weinpark 2021: Eine komplett neues Event in Goch, bei dem Winzer aus mehreren Regionen ihre Weine pr\u00e4sentieren konnten.&nbsp;<\/p>\n                    <p>Wir freuen uns auf die n\u00e4chsten Veranstaltungen mit einer super Crew!<\/p>\n                    <p>\n                      <br>\n                    <\/p>\n                  <\/div>\n                <\/div>\n              <\/div>\n            <\/div>\n          <\/div>\n          <div class=\"h-column h-column-container d-flex h-col-lg-auto h-col-md-auto h-col-auto style-257-outer style-local-85-c24-outer\">\n            <div data-colibri-id=\"85-c24\" class=\"d-flex h-flex-basis h-column__inner h-ui-empty-state-container h-px-lg-2 h-px-md-2 h-px-2 v-inner-lg-2 v-inner-md-2 v-inner-2 style-257 style-local-85-c24 position-relative\">\n              <!---->\n              <!---->\n              <div class=\"w-100 h-y-container h-column__content h-column__v-align flex-basis-100\">\n                <!---->\n              <\/div>\n            <\/div>\n          <\/div>\n        <\/div>\n      <\/div>\n    <\/div>\n  <\/div>\n  <div data-colibri-component=\"section\" data-colibri-id=\"85-c25\" id=\"testzentrum\" class=\"h-section h-section-global-spacing d-flex align-items-lg-center align-items-md-center align-items-center style-258 style-local-85-c25 position-relative\">\n    <!---->\n    <!---->\n    <div class=\"h-section-grid-container h-section-boxed-container\">\n      <!---->\n      <div data-colibri-id=\"85-c26\" class=\"h-row-container gutters-row-lg-0 gutters-row-md-0 gutters-row-0 gutters-row-v-lg-0 gutters-row-v-md-0 gutters-row-v-0 style-259 style-local-85-c26 position-relative\">\n        <!---->\n        <div class=\"h-row justify-content-lg-center justify-content-md-center justify-content-center align-items-lg-stretch align-items-md-stretch align-items-stretch gutters-col-lg-0 gutters-col-md-0 gutters-col-0 gutters-col-v-lg-0 gutters-col-v-md-0 gutters-col-v-0\">\n          <!---->\n          <div class=\"h-column h-column-container d-flex h-col-lg-auto h-col-md-auto h-col-auto style-260-outer style-local-85-c27-outer\">\n            <div data-colibri-id=\"85-c27\" class=\"d-flex h-flex-basis h-column__inner h-ui-empty-state-container h-px-lg-0 h-px-md-0 h-px-0 v-inner-lg-0 v-inner-md-0 v-inner-0 style-260 style-local-85-c27 position-relative\">\n              <!---->\n              <!---->\n              <div class=\"w-100 h-y-container h-column__content h-column__v-align flex-basis-100\">\n                <!---->\n              <\/div>\n            <\/div>\n          <\/div>\n          <div class=\"h-column h-column-container d-flex h-col-lg-auto h-col-md-auto h-col-auto style-261-outer style-local-85-c28-outer\">\n            <div data-colibri-id=\"85-c28\" class=\"d-flex h-flex-basis h-column__inner h-px-lg-2 h-px-md-2 h-px-2 v-inner-lg-2 v-inner-md-2 v-inner-2 style-261 style-local-85-c28 position-relative\">\n              <!---->\n              <!---->\n              <div class=\"w-100 h-y-container h-column__content h-column__v-align flex-basis-100 align-self-lg-start align-self-md-start align-self-start\">\n                <!---->\n                <div data-colibri-id=\"85-c29\" class=\"h-global-transition-all h-heading style-262 style-local-85-c29 position-relative h-element\">\n                  <!---->\n                  <div class=\"h-heading__outer style-262 style-local-85-c29\">\n                    <!---->\n                    <!---->\n                    <h5 class=\"\">CORONA \u2013 Ripkens Training<\/h5>\n                  <\/div>\n                <\/div>\n                <div data-colibri-id=\"85-c30\" class=\"h-global-transition-all h-heading style-263 style-local-85-c30 position-relative h-element\">\n                  <!---->\n                  <div class=\"h-heading__outer style-263 style-local-85-c30\">\n                    <!---->\n                    <!---->\n                    <h2 class=\"\">Internet im Corona Testzentrum Weeze<\/h2>\n                  <\/div>\n                <\/div>\n                <div data-colibri-id=\"85-c31\" class=\"h-text h-text-component style-264 style-local-85-c31 position-relative h-element\">\n                  <!---->\n                  <!---->\n                  <div class=\"\">\n                    <p>Unsere Aufgabe war es, eine stabile Netzwerkstruktur mit Internet Anbindung zu erschaffen. Doch zun\u00e4chst zur Location:<\/p>\n                    <p>Das Testzentrum wurde in einer alten Schule eingerichtet. Da kein Internetanschluss verbaut war, haben wir uns f\u00fcr eine Mobilfunkl\u00f6sung entschieden. Die Netzversorgung ist vor Ort zwar akzeptabel, allerdings nimmt diese im Geb\u00e4ude\n                      dramatisch ab. Standart Consumer-L\u00f6sungen der gro\u00dfen Internetanbieter versagten leider.<\/p>\n                    <p>Unsere L\u00f6sung f\u00fcr das Problem: Ein LTE Modem mit Richtfunkantenne. Damit konnte eine konstante Verbindung, zu einem Unschlagbaren Preis, sichergestellt werden.<\/p>\n                    <p>Wir bedanken uns bei&nbsp;\n                      <a href=\"http:\/\/www.ripkens-training.de\" style=\"color: rgb(242, 101, 89); font-size: 1em; font-weight: 400; font-family: &quot;Open Sans&quot;;\">Ripkens Training<\/a>&nbsp;f\u00fcr den Auftrag und hoffen, dass wir einen kleinen Teil zur Bek\u00e4mpfung der Coronapandemie leisten konnten.<\/p>\n                    <p>\n                      <br>\n                    <\/p>\n                  <\/div>\n                <\/div>\n              <\/div>\n            <\/div>\n          <\/div>\n        <\/div>\n      <\/div>\n    <\/div>\n  <\/div>\n<\/div>","protected":false},"excerpt":{"rendered":"<p>AUG 2025 \u2013 San Hejmo Festival Ambiente und Fotospot im Wald Das San Hejmo Festival in Weeze liegt mir seit der ersten Ausgabe am Herzen. Genau wie beim Parookaville Festival wurden unz\u00e4hlige Lampen f\u00fcr ein atemberaubendes Ambiente platziert. Eine spontan auf mich zukommende Aufgabe, eine 1,5 m gro\u00dfe Spiegelkugel mitten im W\u00e4ldchen zu beleuchten. Die [&hellip;]<\/p>\n","protected":false},"author":1,"featured_media":0,"parent":0,"menu_order":0,"comment_status":"closed","ping_status":"closed","template":"page-templates\/full-width-page.php","meta":{"footnotes":""},"class_list":["post-85","page","type-page","status-publish","hentry"],"_links":{"self":[{"href":"https:\/\/www.gtsfld.de\/index.php\/wp-json\/wp\/v2\/pages\/85","targetHints":{"allow":["GET"]}}],"collection":[{"href":"https:\/\/www.gtsfld.de\/index.php\/wp-json\/wp\/v2\/pages"}],"about":[{"href":"https:\/\/www.gtsfld.de\/index.php\/wp-json\/wp\/v2\/types\/page"}],"author":[{"embeddable":true,"href":"https:\/\/www.gtsfld.de\/index.php\/wp-json\/wp\/v2\/users\/1"}],"replies":[{"embeddable":true,"href":"https:\/\/www.gtsfld.de\/index.php\/wp-json\/wp\/v2\/comments?post=85"}],"version-history":[{"count":12,"href":"https:\/\/www.gtsfld.de\/index.php\/wp-json\/wp\/v2\/pages\/85\/revisions"}],"predecessor-version":[{"id":651,"href":"https:\/\/www.gtsfld.de\/index.php\/wp-json\/wp\/v2\/pages\/85\/revisions\/651"}],"wp:attachment":[{"href":"https:\/\/www.gtsfld.de\/index.php\/wp-json\/wp\/v2\/media?parent=85"}],"curies":[{"name":"wp","href":"https:\/\/api.w.org\/{rel}","templated":true}]}}